{"id":4585,"date":"2025-06-02T08:16:11","date_gmt":"2025-06-02T06:16:11","guid":{"rendered":"https:\/\/www.centrumkas.pl\/?page_id=4585"},"modified":"2025-06-12T23:10:00","modified_gmt":"2025-06-12T21:10:00","slug":"rozwiazania-dla-szkol-nauki-jazdy","status":"publish","type":"page","link":"https:\/\/www.centrumkas.pl\/en\/rozwiazania-dla-branz\/rozwiazania-dla-szkol-nauki-jazdy\/","title":{"rendered":"Rozwi\u0105zania dla szk\u00f3\u0142 nauki jazdy"},"content":{"rendered":"","protected":false},"excerpt":{"rendered":"","protected":false},"author":1,"featured_media":-1,"parent":609,"menu_order":0,"comment_status":"closed","ping_status":"closed","template":"","meta":{"footnotes":""},"class_list":["post-4585","page","type-page","status-publish","has-post-thumbnail","hentry"],"_links":{"self":[{"href":"https:\/\/www.centrumkas.pl\/en\/wp-json\/wp\/v2\/pages\/4585","targetHints":{"allow":["GET"]}}],"collection":[{"href":"https:\/\/www.centrumkas.pl\/en\/wp-json\/wp\/v2\/pages"}],"about":[{"href":"https:\/\/www.centrumkas.pl\/en\/wp-json\/wp\/v2\/types\/page"}],"author":[{"embeddable":true,"href":"https:\/\/www.centrumkas.pl\/en\/wp-json\/wp\/v2\/users\/1"}],"replies":[{"embeddable":true,"href":"https:\/\/www.centrumkas.pl\/en\/wp-json\/wp\/v2\/comments?post=4585"}],"version-history":[{"count":2,"href":"https:\/\/www.centrumkas.pl\/en\/wp-json\/wp\/v2\/pages\/4585\/revisions"}],"predecessor-version":[{"id":4587,"href":"https:\/\/www.centrumkas.pl\/en\/wp-json\/wp\/v2\/pages\/4585\/revisions\/4587"}],"up":[{"embeddable":true,"href":"https:\/\/www.centrumkas.pl\/en\/wp-json\/wp\/v2\/pages\/609"}],"wp:featuredmedia":[{"embeddable":true,"href":"https:\/\/www.centrumkas.pl\/en\/wp-json\/"}],"wp:attachment":[{"href":"https:\/\/www.centrumkas.pl\/en\/wp-json\/wp\/v2\/media?parent=4585"}],"curies":[{"name":"wp","href":"https:\/\/api.w.org\/{rel}","templated":true}]}}