{"id":1066,"date":"2023-09-25T23:05:35","date_gmt":"2023-09-25T21:05:35","guid":{"rendered":"http:\/\/new.centrumkas.pl\/?post_type=product&#038;p=1066"},"modified":"2026-03-13T01:33:52","modified_gmt":"2026-03-13T00:33:52","slug":"posnet-pospay-online-2","status":"publish","type":"product","link":"https:\/\/www.centrumkas.pl\/en\/product\/posnet-pospay-online-2\/","title":{"rendered":"Posnet Pospay Online 2"},"content":{"rendered":"","protected":false},"excerpt":{"rendered":"<p>U\u017cytkownik nabywa jedynie\u00a0<strong>drukark\u0119 fiskaln\u0105 ONLINE<\/strong>, kt\u00f3ra stanowi jeden z\u00a0element\u00f3w Posnet Pospay Online 2. Dzi\u0119ki temu ma mo\u017cliwo\u015b\u0107 skorzystania z\u00a0ulgi Urz\u0119du Skarbowego do 700 z\u0142 na zakup urz\u0105dzenia fiskalnego.<\/p>\n<p>Wynajem platformy sprz\u0119towej i<strong>\u00a0sales application\u00a0<\/strong>gwarantuje klientowi ko\u0144cowemu niskie koszty na start u\u017cytkowania Posnet Pospay Online 2.<\/p>\n<p>Wynajem Cena netto: 39,00 PLN abonament miesi\u0119czny na wynajem platformy sprz\u0119towej i aplikacji sprzeda\u017cowej w wersji standard<\/p>","protected":false},"featured_media":4006,"comment_status":"open","ping_status":"closed","template":"","meta":[],"product_brand":[],"product_cat":[26,537,543,300,301,316,505,510,521,506,552,541,529,530,568,314,322,306,304],"product_tag":[422],"class_list":{"0":"post-1066","1":"product","2":"type-product","3":"status-publish","4":"has-post-thumbnail","6":"product_cat-all-in-one","7":"product_cat-dentysta","8":"product_cat-firma-uslugowa","9":"product_cat-gastronomia","10":"product_cat-gastronomia-drukarki-fiskalne","11":"product_cat-kancelaria-prawna","12":"product_cat-kasoterminale","13":"product_cat-kasoterminale-dla-handlu-obwoznego","14":"product_cat-kasoterminale-dla-hurtowni","15":"product_cat-kasoterminale-dla-kioskow-i-salonow-prasowych","16":"product_cat-mobile-beauty","17":"product_cat-placowka-medyczna-i-lekarze","18":"product_cat-punkt-handlowo-uslugowy","19":"product_cat-punkt-handlowo-uslugowy-drukarki-fiskalne","20":"product_cat-sala-zabaw","21":"product_cat-salon-beauty","22":"product_cat-salon-fryzjerski","23":"product_cat-warsztat-samochodowy","24":"product_cat-wulkanizacja","25":"product_tag-all-in-one","27":"first","28":"instock","29":"taxable","30":"shipping-taxable","31":"purchasable","32":"product-type-simple"},"_links":{"self":[{"href":"https:\/\/www.centrumkas.pl\/en\/wp-json\/wp\/v2\/product\/1066","targetHints":{"allow":["GET"]}}],"collection":[{"href":"https:\/\/www.centrumkas.pl\/en\/wp-json\/wp\/v2\/product"}],"about":[{"href":"https:\/\/www.centrumkas.pl\/en\/wp-json\/wp\/v2\/types\/product"}],"replies":[{"embeddable":true,"href":"https:\/\/www.centrumkas.pl\/en\/wp-json\/wp\/v2\/comments?post=1066"}],"wp:featuredmedia":[{"embeddable":true,"href":"https:\/\/www.centrumkas.pl\/en\/wp-json\/wp\/v2\/media\/4006"}],"wp:attachment":[{"href":"https:\/\/www.centrumkas.pl\/en\/wp-json\/wp\/v2\/media?parent=1066"}],"wp:term":[{"taxonomy":"product_brand","embeddable":true,"href":"https:\/\/www.centrumkas.pl\/en\/wp-json\/wp\/v2\/product_brand?post=1066"},{"taxonomy":"product_cat","embeddable":true,"href":"https:\/\/www.centrumkas.pl\/en\/wp-json\/wp\/v2\/product_cat?post=1066"},{"taxonomy":"product_tag","embeddable":true,"href":"https:\/\/www.centrumkas.pl\/en\/wp-json\/wp\/v2\/product_tag?post=1066"}],"curies":[{"name":"wp","href":"https:\/\/api.w.org\/{rel}","templated":true}]}}