{"id":1126,"date":"2023-10-09T11:30:35","date_gmt":"2023-10-09T09:30:35","guid":{"rendered":"http:\/\/new.centrumkas.pl\/?post_type=product&#038;p=1126"},"modified":"2024-08-30T21:26:41","modified_gmt":"2024-08-30T19:26:41","slug":"elzab-gamma-a22-b22","status":"publish","type":"product","link":"https:\/\/www.centrumkas.pl\/en\/product\/elzab-gamma-a22-b22\/","title":{"rendered":"Elzab Gamma A22\/B22"},"content":{"rendered":"","protected":false},"excerpt":{"rendered":"<p>Szuflady kasowe z rodziny ELZAB Gamma s\u0105 odpowiedzi\u0105 na rosn\u0105ce zapotrzebowanie rynku na wysoce funkcjonalne i bezawaryjne rozwi\u0105zanie dedykowane zar\u00f3wno dla pojedynczych plac\u00f3wek handlowych, jak i dla du\u017cych sieci detalicznych.<\/p>","protected":false},"featured_media":1127,"comment_status":"open","ping_status":"closed","template":"","meta":[],"product_brand":[],"product_cat":[212,242],"product_tag":[455],"class_list":{"0":"post-1126","1":"product","2":"type-product","3":"status-publish","4":"has-post-thumbnail","6":"product_cat-akcesoria","7":"product_cat-szuflady-kasowe","8":"product_tag-akcesoria","10":"first","11":"instock","12":"taxable","13":"shipping-taxable","14":"purchasable","15":"product-type-variable"},"_links":{"self":[{"href":"https:\/\/www.centrumkas.pl\/en\/wp-json\/wp\/v2\/product\/1126","targetHints":{"allow":["GET"]}}],"collection":[{"href":"https:\/\/www.centrumkas.pl\/en\/wp-json\/wp\/v2\/product"}],"about":[{"href":"https:\/\/www.centrumkas.pl\/en\/wp-json\/wp\/v2\/types\/product"}],"replies":[{"embeddable":true,"href":"https:\/\/www.centrumkas.pl\/en\/wp-json\/wp\/v2\/comments?post=1126"}],"wp:featuredmedia":[{"embeddable":true,"href":"https:\/\/www.centrumkas.pl\/en\/wp-json\/wp\/v2\/media\/1127"}],"wp:attachment":[{"href":"https:\/\/www.centrumkas.pl\/en\/wp-json\/wp\/v2\/media?parent=1126"}],"wp:term":[{"taxonomy":"product_brand","embeddable":true,"href":"https:\/\/www.centrumkas.pl\/en\/wp-json\/wp\/v2\/product_brand?post=1126"},{"taxonomy":"product_cat","embeddable":true,"href":"https:\/\/www.centrumkas.pl\/en\/wp-json\/wp\/v2\/product_cat?post=1126"},{"taxonomy":"product_tag","embeddable":true,"href":"https:\/\/www.centrumkas.pl\/en\/wp-json\/wp\/v2\/product_tag?post=1126"}],"curies":[{"name":"wp","href":"https:\/\/api.w.org\/{rel}","templated":true}]}}