{"id":1203,"date":"2023-10-13T23:07:52","date_gmt":"2023-10-13T21:07:52","guid":{"rendered":"http:\/\/new.centrumkas.pl\/?post_type=product&#038;p=1203"},"modified":"2025-10-28T12:29:14","modified_gmt":"2025-10-28T11:29:14","slug":"asseco-wa-pro-zarzadzanie-relacjami-z-klientami-wf-crm","status":"publish","type":"product","link":"https:\/\/www.centrumkas.pl\/en\/product\/asseco-wa-pro-zarzadzanie-relacjami-z-klientami-wf-crm\/","title":{"rendered":"Asseco \u2013 WA-PRO \u2013 WF-CRM Customer Relationship Management"},"content":{"rendered":"","protected":false},"excerpt":{"rendered":"<p>Cena mo\u017ce by\u0107 r\u00f3\u017cna w zale\u017cno\u015bci od wersji rozwi\u0105zania !<\/p>\n<p>Dla pewno\u015bci zapytaj handlowca !<\/p>","protected":false},"featured_media":1204,"comment_status":"closed","ping_status":"closed","template":"","meta":[],"product_brand":[],"product_cat":[248],"product_tag":[423],"class_list":{"0":"post-1203","1":"product","2":"type-product","3":"status-publish","4":"has-post-thumbnail","6":"product_cat-oprogramowanie","7":"product_tag-oprogramowanie-sprzedazowe","9":"first","10":"onbackorder","11":"taxable","12":"shipping-taxable","13":"purchasable","14":"product-type-simple"},"_links":{"self":[{"href":"https:\/\/www.centrumkas.pl\/en\/wp-json\/wp\/v2\/product\/1203","targetHints":{"allow":["GET"]}}],"collection":[{"href":"https:\/\/www.centrumkas.pl\/en\/wp-json\/wp\/v2\/product"}],"about":[{"href":"https:\/\/www.centrumkas.pl\/en\/wp-json\/wp\/v2\/types\/product"}],"replies":[{"embeddable":true,"href":"https:\/\/www.centrumkas.pl\/en\/wp-json\/wp\/v2\/comments?post=1203"}],"wp:featuredmedia":[{"embeddable":true,"href":"https:\/\/www.centrumkas.pl\/en\/wp-json\/wp\/v2\/media\/1204"}],"wp:attachment":[{"href":"https:\/\/www.centrumkas.pl\/en\/wp-json\/wp\/v2\/media?parent=1203"}],"wp:term":[{"taxonomy":"product_brand","embeddable":true,"href":"https:\/\/www.centrumkas.pl\/en\/wp-json\/wp\/v2\/product_brand?post=1203"},{"taxonomy":"product_cat","embeddable":true,"href":"https:\/\/www.centrumkas.pl\/en\/wp-json\/wp\/v2\/product_cat?post=1203"},{"taxonomy":"product_tag","embeddable":true,"href":"https:\/\/www.centrumkas.pl\/en\/wp-json\/wp\/v2\/product_tag?post=1203"}],"curies":[{"name":"wp","href":"https:\/\/api.w.org\/{rel}","templated":true}]}}