{"id":1296,"date":"2023-10-15T14:57:24","date_gmt":"2023-10-15T12:57:24","guid":{"rendered":"http:\/\/new.centrumkas.pl\/?post_type=product&#038;p=1296"},"modified":"2024-08-30T18:47:02","modified_gmt":"2024-08-30T16:47:02","slug":"posnet-szuflada-skl","status":"publish","type":"product","link":"https:\/\/www.centrumkas.pl\/en\/product\/posnet-szuflada-skl\/","title":{"rendered":"Posnet Szuflada SKL"},"content":{"rendered":"","protected":false},"excerpt":{"rendered":"<p>Szuflada kasjerska Posnet SKL zosta\u0142a zaprojektowana z my\u015bl\u0105 o najbardziej wymagaj\u0105cych u\u017cytkownikach<\/p>","protected":false},"featured_media":1299,"comment_status":"open","ping_status":"closed","template":"","meta":[],"product_brand":[],"product_cat":[212,242],"product_tag":[455],"class_list":{"0":"post-1296","1":"product","2":"type-product","3":"status-publish","4":"has-post-thumbnail","6":"product_cat-akcesoria","7":"product_cat-szuflady-kasowe","8":"product_tag-akcesoria","10":"first","11":"instock","12":"taxable","13":"shipping-taxable","14":"purchasable","15":"product-type-simple"},"_links":{"self":[{"href":"https:\/\/www.centrumkas.pl\/en\/wp-json\/wp\/v2\/product\/1296","targetHints":{"allow":["GET"]}}],"collection":[{"href":"https:\/\/www.centrumkas.pl\/en\/wp-json\/wp\/v2\/product"}],"about":[{"href":"https:\/\/www.centrumkas.pl\/en\/wp-json\/wp\/v2\/types\/product"}],"replies":[{"embeddable":true,"href":"https:\/\/www.centrumkas.pl\/en\/wp-json\/wp\/v2\/comments?post=1296"}],"wp:featuredmedia":[{"embeddable":true,"href":"https:\/\/www.centrumkas.pl\/en\/wp-json\/wp\/v2\/media\/1299"}],"wp:attachment":[{"href":"https:\/\/www.centrumkas.pl\/en\/wp-json\/wp\/v2\/media?parent=1296"}],"wp:term":[{"taxonomy":"product_brand","embeddable":true,"href":"https:\/\/www.centrumkas.pl\/en\/wp-json\/wp\/v2\/product_brand?post=1296"},{"taxonomy":"product_cat","embeddable":true,"href":"https:\/\/www.centrumkas.pl\/en\/wp-json\/wp\/v2\/product_cat?post=1296"},{"taxonomy":"product_tag","embeddable":true,"href":"https:\/\/www.centrumkas.pl\/en\/wp-json\/wp\/v2\/product_tag?post=1296"}],"curies":[{"name":"wp","href":"https:\/\/api.w.org\/{rel}","templated":true}]}}