{"id":1330,"date":"2023-10-15T16:51:37","date_gmt":"2023-10-15T14:51:37","guid":{"rendered":"http:\/\/new.centrumkas.pl\/?post_type=product&#038;p=1330"},"modified":"2024-08-29T21:25:07","modified_gmt":"2024-08-29T19:25:07","slug":"posnet-skorzany-pokrowiec-na-kase-mobile-hs-hj","status":"publish","type":"product","link":"https:\/\/www.centrumkas.pl\/en\/product\/posnet-skorzany-pokrowiec-na-kase-mobile-hs-hj\/","title":{"rendered":"Posnet Sk\u00f3rzany Pokrowiec na kas\u0119 Mobile HS HJ"},"content":{"rendered":"","protected":false},"excerpt":{"rendered":"<p>Pokrowiec skutecznie chroni kas\u0119 przed zanieczyszczeniem i wilgoci\u0105.<\/p>","protected":false},"featured_media":1331,"comment_status":"open","ping_status":"closed","template":"","meta":[],"product_brand":[],"product_cat":[212,264],"product_tag":[455],"class_list":{"0":"post-1330","1":"product","2":"type-product","3":"status-publish","4":"has-post-thumbnail","6":"product_cat-akcesoria","7":"product_cat-pokrowce-i-oslony","8":"product_tag-akcesoria","10":"first","11":"instock","12":"taxable","13":"shipping-taxable","14":"purchasable","15":"product-type-simple"},"_links":{"self":[{"href":"https:\/\/www.centrumkas.pl\/en\/wp-json\/wp\/v2\/product\/1330","targetHints":{"allow":["GET"]}}],"collection":[{"href":"https:\/\/www.centrumkas.pl\/en\/wp-json\/wp\/v2\/product"}],"about":[{"href":"https:\/\/www.centrumkas.pl\/en\/wp-json\/wp\/v2\/types\/product"}],"replies":[{"embeddable":true,"href":"https:\/\/www.centrumkas.pl\/en\/wp-json\/wp\/v2\/comments?post=1330"}],"wp:featuredmedia":[{"embeddable":true,"href":"https:\/\/www.centrumkas.pl\/en\/wp-json\/wp\/v2\/media\/1331"}],"wp:attachment":[{"href":"https:\/\/www.centrumkas.pl\/en\/wp-json\/wp\/v2\/media?parent=1330"}],"wp:term":[{"taxonomy":"product_brand","embeddable":true,"href":"https:\/\/www.centrumkas.pl\/en\/wp-json\/wp\/v2\/product_brand?post=1330"},{"taxonomy":"product_cat","embeddable":true,"href":"https:\/\/www.centrumkas.pl\/en\/wp-json\/wp\/v2\/product_cat?post=1330"},{"taxonomy":"product_tag","embeddable":true,"href":"https:\/\/www.centrumkas.pl\/en\/wp-json\/wp\/v2\/product_tag?post=1330"}],"curies":[{"name":"wp","href":"https:\/\/api.w.org\/{rel}","templated":true}]}}