{"id":1378,"date":"2023-10-17T19:49:56","date_gmt":"2023-10-17T17:49:56","guid":{"rendered":"http:\/\/new.centrumkas.pl\/?post_type=product&#038;p=1378"},"modified":"2024-10-21T15:12:31","modified_gmt":"2024-10-21T13:12:31","slug":"fawag-ds-2","status":"publish","type":"product","link":"https:\/\/www.centrumkas.pl\/en\/product\/fawag-ds-2\/","title":{"rendered":"Fawag DS-2"},"content":{"rendered":"","protected":false},"excerpt":{"rendered":"<p>Waga FAWAG DS-2 to prosta, praktyczna i\u00a0samodzielna waga kontrolna. Dedykowana do r\u00f3\u017cnej wielko\u015bci plac\u00f3wek handlowych, przemys\u0142owych, magazyn\u00f3w, gastronomii, na gie\u0142dy oraz targowiska.<\/p>","protected":false},"featured_media":1379,"comment_status":"open","ping_status":"closed","template":"","meta":[],"product_brand":[],"product_cat":[212,381,251,484],"product_tag":[448],"class_list":{"0":"post-1378","1":"product","2":"type-product","3":"status-publish","4":"has-post-thumbnail","6":"product_cat-akcesoria","7":"product_cat-fawag","8":"product_cat-wagi","9":"product_cat-wagi-dla-malego-sklepu","10":"product_tag-waga","12":"first","13":"instock","14":"taxable","15":"shipping-taxable","16":"purchasable","17":"product-type-simple"},"_links":{"self":[{"href":"https:\/\/www.centrumkas.pl\/en\/wp-json\/wp\/v2\/product\/1378","targetHints":{"allow":["GET"]}}],"collection":[{"href":"https:\/\/www.centrumkas.pl\/en\/wp-json\/wp\/v2\/product"}],"about":[{"href":"https:\/\/www.centrumkas.pl\/en\/wp-json\/wp\/v2\/types\/product"}],"replies":[{"embeddable":true,"href":"https:\/\/www.centrumkas.pl\/en\/wp-json\/wp\/v2\/comments?post=1378"}],"wp:featuredmedia":[{"embeddable":true,"href":"https:\/\/www.centrumkas.pl\/en\/wp-json\/wp\/v2\/media\/1379"}],"wp:attachment":[{"href":"https:\/\/www.centrumkas.pl\/en\/wp-json\/wp\/v2\/media?parent=1378"}],"wp:term":[{"taxonomy":"product_brand","embeddable":true,"href":"https:\/\/www.centrumkas.pl\/en\/wp-json\/wp\/v2\/product_brand?post=1378"},{"taxonomy":"product_cat","embeddable":true,"href":"https:\/\/www.centrumkas.pl\/en\/wp-json\/wp\/v2\/product_cat?post=1378"},{"taxonomy":"product_tag","embeddable":true,"href":"https:\/\/www.centrumkas.pl\/en\/wp-json\/wp\/v2\/product_tag?post=1378"}],"curies":[{"name":"wp","href":"https:\/\/api.w.org\/{rel}","templated":true}]}}