{"id":1394,"date":"2023-10-17T22:53:07","date_gmt":"2023-10-17T20:53:07","guid":{"rendered":"http:\/\/new.centrumkas.pl\/?post_type=product&#038;p=1394"},"modified":"2024-08-29T18:56:32","modified_gmt":"2024-08-29T16:56:32","slug":"novitus-saturn-2m","status":"publish","type":"product","link":"https:\/\/www.centrumkas.pl\/en\/product\/novitus-saturn-2m\/","title":{"rendered":"Novitus Saturn 2M"},"content":{"rendered":"","protected":false},"excerpt":{"rendered":"<p>Waga SATURN 2M to nowa wersja dobrze przyj\u0119tej na rynku wagi SATURN dedykowana do wsp\u00f3\u0142pracy z ladowymi skanerami kod\u00f3w kreskowych MAGELLAN 2300HS. Dzi\u0119ki zamkni\u0119ciu skanera w obudowie wagi poprawia si\u0119 komfort i szybko\u015b\u0107 pracy kasjera, poniewa\u017c operacja wa\u017cenia i skanowania odbywa si\u0119 w tym samym miejscu. Waga mo\u017ce wsp\u00f3\u0142pracowa\u0107 z terminalem kasowym lub z kas\u0105 fiskaln\u0105. Jest wykonana ze stali nierdzewnej.<\/p>","protected":false},"featured_media":1395,"comment_status":"open","ping_status":"closed","template":"","meta":[],"product_brand":[],"product_cat":[212,251],"product_tag":[448],"class_list":{"0":"post-1394","1":"product","2":"type-product","3":"status-publish","4":"has-post-thumbnail","6":"product_cat-akcesoria","7":"product_cat-wagi","8":"product_tag-waga","10":"first","11":"instock","12":"taxable","13":"shipping-taxable","14":"purchasable","15":"product-type-simple"},"_links":{"self":[{"href":"https:\/\/www.centrumkas.pl\/en\/wp-json\/wp\/v2\/product\/1394","targetHints":{"allow":["GET"]}}],"collection":[{"href":"https:\/\/www.centrumkas.pl\/en\/wp-json\/wp\/v2\/product"}],"about":[{"href":"https:\/\/www.centrumkas.pl\/en\/wp-json\/wp\/v2\/types\/product"}],"replies":[{"embeddable":true,"href":"https:\/\/www.centrumkas.pl\/en\/wp-json\/wp\/v2\/comments?post=1394"}],"wp:featuredmedia":[{"embeddable":true,"href":"https:\/\/www.centrumkas.pl\/en\/wp-json\/wp\/v2\/media\/1395"}],"wp:attachment":[{"href":"https:\/\/www.centrumkas.pl\/en\/wp-json\/wp\/v2\/media?parent=1394"}],"wp:term":[{"taxonomy":"product_brand","embeddable":true,"href":"https:\/\/www.centrumkas.pl\/en\/wp-json\/wp\/v2\/product_brand?post=1394"},{"taxonomy":"product_cat","embeddable":true,"href":"https:\/\/www.centrumkas.pl\/en\/wp-json\/wp\/v2\/product_cat?post=1394"},{"taxonomy":"product_tag","embeddable":true,"href":"https:\/\/www.centrumkas.pl\/en\/wp-json\/wp\/v2\/product_tag?post=1394"}],"curies":[{"name":"wp","href":"https:\/\/api.w.org\/{rel}","templated":true}]}}