{"id":1396,"date":"2023-10-17T22:59:47","date_gmt":"2023-10-17T20:59:47","guid":{"rendered":"http:\/\/new.centrumkas.pl\/?post_type=product&#038;p=1396"},"modified":"2024-08-29T18:54:13","modified_gmt":"2024-08-29T16:54:13","slug":"novitus-vega-2","status":"publish","type":"product","link":"https:\/\/www.centrumkas.pl\/en\/product\/novitus-vega-2\/","title":{"rendered":"Novitus Vega 2"},"content":{"rendered":"","protected":false},"excerpt":{"rendered":"<p>Waga VEGA 2 to nowa wersja dobrze przyj\u0119tej na rynku wagi VEGA. Jest ona przeznaczona jest do pracy w obiektach handlowych r\u00f3\u017cnej wielko\u015bci. Mo\u017ce by\u0107 wykorzystywana jako wolnostoj\u0105ca waga kontrolna lub waga zabudowana na stanowisku sprzeda\u017cy. Urz\u0105dzenie mo\u017ce wsp\u00f3\u0142pracowa\u0107 z terminalem kasowym lub z kas\u0105 fiskaln\u0105. Jest wykonane ze stali nierdzewnej.<\/p>","protected":false},"featured_media":1397,"comment_status":"open","ping_status":"closed","template":"","meta":[],"product_brand":[],"product_cat":[212,251],"product_tag":[448],"class_list":{"0":"post-1396","1":"product","2":"type-product","3":"status-publish","4":"has-post-thumbnail","6":"product_cat-akcesoria","7":"product_cat-wagi","8":"product_tag-waga","10":"first","11":"instock","12":"taxable","13":"shipping-taxable","14":"purchasable","15":"product-type-simple"},"_links":{"self":[{"href":"https:\/\/www.centrumkas.pl\/en\/wp-json\/wp\/v2\/product\/1396","targetHints":{"allow":["GET"]}}],"collection":[{"href":"https:\/\/www.centrumkas.pl\/en\/wp-json\/wp\/v2\/product"}],"about":[{"href":"https:\/\/www.centrumkas.pl\/en\/wp-json\/wp\/v2\/types\/product"}],"replies":[{"embeddable":true,"href":"https:\/\/www.centrumkas.pl\/en\/wp-json\/wp\/v2\/comments?post=1396"}],"wp:featuredmedia":[{"embeddable":true,"href":"https:\/\/www.centrumkas.pl\/en\/wp-json\/wp\/v2\/media\/1397"}],"wp:attachment":[{"href":"https:\/\/www.centrumkas.pl\/en\/wp-json\/wp\/v2\/media?parent=1396"}],"wp:term":[{"taxonomy":"product_brand","embeddable":true,"href":"https:\/\/www.centrumkas.pl\/en\/wp-json\/wp\/v2\/product_brand?post=1396"},{"taxonomy":"product_cat","embeddable":true,"href":"https:\/\/www.centrumkas.pl\/en\/wp-json\/wp\/v2\/product_cat?post=1396"},{"taxonomy":"product_tag","embeddable":true,"href":"https:\/\/www.centrumkas.pl\/en\/wp-json\/wp\/v2\/product_tag?post=1396"}],"curies":[{"name":"wp","href":"https:\/\/api.w.org\/{rel}","templated":true}]}}