{"id":1415,"date":"2023-10-18T22:39:13","date_gmt":"2023-10-18T20:39:13","guid":{"rendered":"http:\/\/new.centrumkas.pl\/?post_type=product&#038;p=1415"},"modified":"2024-08-29T18:39:48","modified_gmt":"2024-08-29T16:39:48","slug":"dibal-pi-100s-rs","status":"publish","type":"product","link":"https:\/\/www.centrumkas.pl\/en\/product\/dibal-pi-100s-rs\/","title":{"rendered":"Dibal PI-100S RS"},"content":{"rendered":"","protected":false},"excerpt":{"rendered":"<p>Waga PI-100S RS to kolejna w ofercie firmy NOVITUS waga kalkulacyjna marki DIBAL. Jest dedykowana dla wszystkich, kt\u00f3rzy potrzebuj\u0105 niezawodnego urz\u0105dzenia wa\u017c\u0105cego do sprzeda\u017cy detalicznej lub kontroli dostaw towar\u00f3w wa\u017conych<\/p>","protected":false},"featured_media":1407,"comment_status":"open","ping_status":"closed","template":"","meta":[],"product_brand":[],"product_cat":[212,382,251],"product_tag":[448],"class_list":{"0":"post-1415","1":"product","2":"type-product","3":"status-publish","4":"has-post-thumbnail","6":"product_cat-akcesoria","7":"product_cat-dibal","8":"product_cat-wagi","9":"product_tag-waga","11":"first","12":"instock","13":"taxable","14":"shipping-taxable","15":"purchasable","16":"product-type-simple"},"_links":{"self":[{"href":"https:\/\/www.centrumkas.pl\/en\/wp-json\/wp\/v2\/product\/1415","targetHints":{"allow":["GET"]}}],"collection":[{"href":"https:\/\/www.centrumkas.pl\/en\/wp-json\/wp\/v2\/product"}],"about":[{"href":"https:\/\/www.centrumkas.pl\/en\/wp-json\/wp\/v2\/types\/product"}],"replies":[{"embeddable":true,"href":"https:\/\/www.centrumkas.pl\/en\/wp-json\/wp\/v2\/comments?post=1415"}],"wp:featuredmedia":[{"embeddable":true,"href":"https:\/\/www.centrumkas.pl\/en\/wp-json\/wp\/v2\/media\/1407"}],"wp:attachment":[{"href":"https:\/\/www.centrumkas.pl\/en\/wp-json\/wp\/v2\/media?parent=1415"}],"wp:term":[{"taxonomy":"product_brand","embeddable":true,"href":"https:\/\/www.centrumkas.pl\/en\/wp-json\/wp\/v2\/product_brand?post=1415"},{"taxonomy":"product_cat","embeddable":true,"href":"https:\/\/www.centrumkas.pl\/en\/wp-json\/wp\/v2\/product_cat?post=1415"},{"taxonomy":"product_tag","embeddable":true,"href":"https:\/\/www.centrumkas.pl\/en\/wp-json\/wp\/v2\/product_tag?post=1415"}],"curies":[{"name":"wp","href":"https:\/\/api.w.org\/{rel}","templated":true}]}}