{"id":1422,"date":"2023-10-18T23:17:04","date_gmt":"2023-10-18T21:17:04","guid":{"rendered":"http:\/\/new.centrumkas.pl\/?post_type=product&#038;p=1422"},"modified":"2024-08-29T18:19:19","modified_gmt":"2024-08-29T16:19:19","slug":"pris-ep-210s-rs","status":"publish","type":"product","link":"https:\/\/www.centrumkas.pl\/en\/product\/pris-ep-210s-rs\/","title":{"rendered":"Pris EP-210S RS"},"content":{"rendered":"","protected":false},"excerpt":{"rendered":"<p>Waga EP-210S RS\u00a0to pierwsza w ofercie firmy NOVITUS waga kalkulacyjna nowej marki &#8211; PRIS. Jest dedykowana dla wszystkich, kt\u00f3rzy potrzebuj\u0105 niezawodnego urz\u0105dzenia wa\u017c\u0105cego do sprzeda\u017cy detalicznej lub kontroli dostaw towar\u00f3w wa\u017conych. Jest wyposa\u017cona w pod\u015bwietlane wy\u015bwietlacze LCD\u00a0 oraz wewn\u0119trzny akumulator co umo\u017cliwia jej wykorzystywanie r\u00f3wnie\u017c w sprzeda\u017cy obwo\u017anej. Wersja z wbudowanym interfejsem RS232 i protoko\u0142em komunikacyjnym AP-1.<\/p>","protected":false},"featured_media":1414,"comment_status":"open","ping_status":"closed","template":"","meta":[],"product_brand":[],"product_cat":[212,251],"product_tag":[448],"class_list":{"0":"post-1422","1":"product","2":"type-product","3":"status-publish","4":"has-post-thumbnail","6":"product_cat-akcesoria","7":"product_cat-wagi","8":"product_tag-waga","10":"first","11":"instock","12":"taxable","13":"shipping-taxable","14":"purchasable","15":"product-type-simple"},"_links":{"self":[{"href":"https:\/\/www.centrumkas.pl\/en\/wp-json\/wp\/v2\/product\/1422","targetHints":{"allow":["GET"]}}],"collection":[{"href":"https:\/\/www.centrumkas.pl\/en\/wp-json\/wp\/v2\/product"}],"about":[{"href":"https:\/\/www.centrumkas.pl\/en\/wp-json\/wp\/v2\/types\/product"}],"replies":[{"embeddable":true,"href":"https:\/\/www.centrumkas.pl\/en\/wp-json\/wp\/v2\/comments?post=1422"}],"wp:featuredmedia":[{"embeddable":true,"href":"https:\/\/www.centrumkas.pl\/en\/wp-json\/wp\/v2\/media\/1414"}],"wp:attachment":[{"href":"https:\/\/www.centrumkas.pl\/en\/wp-json\/wp\/v2\/media?parent=1422"}],"wp:term":[{"taxonomy":"product_brand","embeddable":true,"href":"https:\/\/www.centrumkas.pl\/en\/wp-json\/wp\/v2\/product_brand?post=1422"},{"taxonomy":"product_cat","embeddable":true,"href":"https:\/\/www.centrumkas.pl\/en\/wp-json\/wp\/v2\/product_cat?post=1422"},{"taxonomy":"product_tag","embeddable":true,"href":"https:\/\/www.centrumkas.pl\/en\/wp-json\/wp\/v2\/product_tag?post=1422"}],"curies":[{"name":"wp","href":"https:\/\/api.w.org\/{rel}","templated":true}]}}