{"id":1468,"date":"2023-10-20T22:40:03","date_gmt":"2023-10-20T20:40:03","guid":{"rendered":"http:\/\/new.centrumkas.pl\/?post_type=product&#038;p=1468"},"modified":"2024-08-26T22:39:04","modified_gmt":"2024-08-26T20:39:04","slug":"dibal-m-525-ss","status":"publish","type":"product","link":"https:\/\/www.centrumkas.pl\/en\/product\/dibal-m-525-ss\/","title":{"rendered":"Dibal M-525 SS"},"content":{"rendered":"","protected":false},"excerpt":{"rendered":"<p>Waga samoobs\u0142ugowa DIBAL M-525SS jest uzupe\u0142nieniem oferty wag etykietuj\u0105cych serii 500 &#8211; MISTRAL. Jest ona zaprojektowana pod k\u0105tem pracy w warunkach najwi\u0119kszego obci\u0105\u017cenia i z tego wzgl\u0119du jest dedykowana do grupy najbardziej wymagaj\u0105cych klient\u00f3w. Wprowadzenie tej wagi umo\u017cliwi\u0142o przedstawienie im kompleksowej i jednolitej oferty. W wadze zastosowano zintegrowany na p\u0142ycie g\u0142\u00f3wnej interfejs Ethernet. Urz\u0105dzenie jest wyposa\u017cone w pod\u015bwietlany wy\u015bwietlacz graficzny oraz nowy typ klawiatury.<\/p>","protected":false},"featured_media":1430,"comment_status":"open","ping_status":"closed","template":"","meta":[],"product_brand":[],"product_cat":[212,382,251],"product_tag":[460],"class_list":{"0":"post-1468","1":"product","2":"type-product","3":"status-publish","4":"has-post-thumbnail","6":"product_cat-akcesoria","7":"product_cat-dibal","8":"product_cat-wagi","9":"product_tag-waga-samoobslugowa","11":"first","12":"instock","13":"taxable","14":"shipping-taxable","15":"purchasable","16":"product-type-simple"},"_links":{"self":[{"href":"https:\/\/www.centrumkas.pl\/en\/wp-json\/wp\/v2\/product\/1468","targetHints":{"allow":["GET"]}}],"collection":[{"href":"https:\/\/www.centrumkas.pl\/en\/wp-json\/wp\/v2\/product"}],"about":[{"href":"https:\/\/www.centrumkas.pl\/en\/wp-json\/wp\/v2\/types\/product"}],"replies":[{"embeddable":true,"href":"https:\/\/www.centrumkas.pl\/en\/wp-json\/wp\/v2\/comments?post=1468"}],"wp:featuredmedia":[{"embeddable":true,"href":"https:\/\/www.centrumkas.pl\/en\/wp-json\/wp\/v2\/media\/1430"}],"wp:attachment":[{"href":"https:\/\/www.centrumkas.pl\/en\/wp-json\/wp\/v2\/media?parent=1468"}],"wp:term":[{"taxonomy":"product_brand","embeddable":true,"href":"https:\/\/www.centrumkas.pl\/en\/wp-json\/wp\/v2\/product_brand?post=1468"},{"taxonomy":"product_cat","embeddable":true,"href":"https:\/\/www.centrumkas.pl\/en\/wp-json\/wp\/v2\/product_cat?post=1468"},{"taxonomy":"product_tag","embeddable":true,"href":"https:\/\/www.centrumkas.pl\/en\/wp-json\/wp\/v2\/product_tag?post=1468"}],"curies":[{"name":"wp","href":"https:\/\/api.w.org\/{rel}","templated":true}]}}