{"id":1473,"date":"2023-10-20T23:02:38","date_gmt":"2023-10-20T21:02:38","guid":{"rendered":"http:\/\/new.centrumkas.pl\/?post_type=product&#038;p=1473"},"modified":"2024-05-01T22:39:43","modified_gmt":"2024-05-01T20:39:43","slug":"dibal-w-025-s","status":"publish","type":"product","link":"https:\/\/www.centrumkas.pl\/en\/product\/dibal-w-025-s\/","title":{"rendered":"Dibal W-025 S"},"content":{"rendered":"","protected":false},"excerpt":{"rendered":"<p>Waga DIBAL W-025S to przedstawiciel najnowszej linii produkt\u00f3w Dibala w ofercie Novitus \u2013 serii 500. Nowoczesne wzornictwo, atrakcyjny wygl\u0105d, zadziwiaj\u0105ca funkcjonalno\u015b\u0107 oraz prostota programowania i obs\u0142ugi to g\u0142\u00f3wne atuty nowej serii wag etykietuj\u0105cych. Jako kontynuacja znanej i docenianej serii K jest ona r\u00f3wnie\u017c dedykowana do \u015brednich i du\u017cych plac\u00f3wek handlowych, w kt\u00f3rych wagi pracuj\u0105 w rozbudowanych sieciach.<\/p>","protected":false},"featured_media":1434,"comment_status":"open","ping_status":"closed","template":"","meta":[],"product_brand":[],"product_cat":[212,382,251],"product_tag":[448],"class_list":{"0":"post-1473","1":"product","2":"type-product","3":"status-publish","4":"has-post-thumbnail","6":"product_cat-akcesoria","7":"product_cat-dibal","8":"product_cat-wagi","9":"product_tag-waga","11":"first","12":"instock","13":"taxable","14":"shipping-taxable","15":"purchasable","16":"product-type-simple"},"_links":{"self":[{"href":"https:\/\/www.centrumkas.pl\/en\/wp-json\/wp\/v2\/product\/1473","targetHints":{"allow":["GET"]}}],"collection":[{"href":"https:\/\/www.centrumkas.pl\/en\/wp-json\/wp\/v2\/product"}],"about":[{"href":"https:\/\/www.centrumkas.pl\/en\/wp-json\/wp\/v2\/types\/product"}],"replies":[{"embeddable":true,"href":"https:\/\/www.centrumkas.pl\/en\/wp-json\/wp\/v2\/comments?post=1473"}],"wp:featuredmedia":[{"embeddable":true,"href":"https:\/\/www.centrumkas.pl\/en\/wp-json\/wp\/v2\/media\/1434"}],"wp:attachment":[{"href":"https:\/\/www.centrumkas.pl\/en\/wp-json\/wp\/v2\/media?parent=1473"}],"wp:term":[{"taxonomy":"product_brand","embeddable":true,"href":"https:\/\/www.centrumkas.pl\/en\/wp-json\/wp\/v2\/product_brand?post=1473"},{"taxonomy":"product_cat","embeddable":true,"href":"https:\/\/www.centrumkas.pl\/en\/wp-json\/wp\/v2\/product_cat?post=1473"},{"taxonomy":"product_tag","embeddable":true,"href":"https:\/\/www.centrumkas.pl\/en\/wp-json\/wp\/v2\/product_tag?post=1473"}],"curies":[{"name":"wp","href":"https:\/\/api.w.org\/{rel}","templated":true}]}}