{"id":1499,"date":"2023-10-21T13:46:01","date_gmt":"2023-10-21T11:46:01","guid":{"rendered":"http:\/\/new.centrumkas.pl\/?post_type=product&#038;p=1499"},"modified":"2024-04-10T16:05:53","modified_gmt":"2024-04-10T14:05:53","slug":"posnet-netpay","status":"publish","type":"product","link":"https:\/\/www.centrumkas.pl\/en\/product\/posnet-netpay\/","title":{"rendered":"Posnet NetPay"},"content":{"rendered":"","protected":false},"excerpt":{"rendered":"<p>Netpay to terminal p\u0142atniczy, kt\u00f3ry w\u00a0po\u0142\u0105czeniu z\u00a0kas\u0105 fiskaln\u0105 ONLINE Posnet lub Fawag pozwala na realizowanie p\u0142atno\u015bci bezgot\u00f3wkowych. Udost\u0119pnia Internet umo\u017cliwiaj\u0105c\u00a0wygodn\u0105 \u0142\u0105czno\u015b\u0107 z\u00a0Centralnym Repozytorium Kas b\u0119d\u0105c przy tym\u00a0intuicyjne i\u00a0przyjazne w\u00a0obs\u0142udze.<\/p>","protected":false},"featured_media":1500,"comment_status":"closed","ping_status":"closed","template":"","meta":[],"product_brand":[],"product_cat":[212,295],"product_tag":[425],"class_list":{"0":"post-1499","1":"product","2":"type-product","3":"status-publish","4":"has-post-thumbnail","6":"product_cat-akcesoria","7":"product_cat-terminale-kart-platniczych","8":"product_tag-terminal-kart-platniczych","10":"first","11":"instock","12":"taxable","13":"shipping-taxable","14":"purchasable","15":"product-type-simple"},"_links":{"self":[{"href":"https:\/\/www.centrumkas.pl\/en\/wp-json\/wp\/v2\/product\/1499","targetHints":{"allow":["GET"]}}],"collection":[{"href":"https:\/\/www.centrumkas.pl\/en\/wp-json\/wp\/v2\/product"}],"about":[{"href":"https:\/\/www.centrumkas.pl\/en\/wp-json\/wp\/v2\/types\/product"}],"replies":[{"embeddable":true,"href":"https:\/\/www.centrumkas.pl\/en\/wp-json\/wp\/v2\/comments?post=1499"}],"wp:featuredmedia":[{"embeddable":true,"href":"https:\/\/www.centrumkas.pl\/en\/wp-json\/wp\/v2\/media\/1500"}],"wp:attachment":[{"href":"https:\/\/www.centrumkas.pl\/en\/wp-json\/wp\/v2\/media?parent=1499"}],"wp:term":[{"taxonomy":"product_brand","embeddable":true,"href":"https:\/\/www.centrumkas.pl\/en\/wp-json\/wp\/v2\/product_brand?post=1499"},{"taxonomy":"product_cat","embeddable":true,"href":"https:\/\/www.centrumkas.pl\/en\/wp-json\/wp\/v2\/product_cat?post=1499"},{"taxonomy":"product_tag","embeddable":true,"href":"https:\/\/www.centrumkas.pl\/en\/wp-json\/wp\/v2\/product_tag?post=1499"}],"curies":[{"name":"wp","href":"https:\/\/api.w.org\/{rel}","templated":true}]}}