{"id":2380,"date":"2024-04-26T15:48:05","date_gmt":"2024-04-26T13:48:05","guid":{"rendered":"https:\/\/www.centrumkas.pl\/?post_type=product&#038;p=2380"},"modified":"2025-06-15T20:22:14","modified_gmt":"2025-06-15T18:22:14","slug":"kasa-fisklana-fawag-lite-online-terminal-platniczy-desk2600-desk1600","status":"publish","type":"product","link":"https:\/\/www.centrumkas.pl\/en\/product\/kasa-fisklana-fawag-lite-online-terminal-platniczy-desk2600-desk1600\/","title":{"rendered":"Kasa fisklana Fawag \u2013 Lite ONLINE + Terminal p\u0142atniczy Desk2600 + Desk1600"},"content":{"rendered":"","protected":false},"excerpt":{"rendered":"<p>Prosta i wytrzyma\u0142a kasa fiskalna Fawag Lite Online wraz z terminalem p\u0142atniczym Desk2600 + Desk1600<\/p>\n<div class=\"product_image_wrapper column three-fifth\">\n<div class=\"mcb-column-inner clearfix\">\n<div class=\"woocommerce-product-gallery woocommerce-product-gallery--with-images woocommerce-product-gallery--columns-4 images mfn-product-hasnt-gallery\" data-columns=\"4\">\n<figure class=\"woocommerce-product-gallery__wrapper\" data-columns=\"4\">\n<div class=\"woocommerce-product-gallery__image\" data-thumb=\"https:\/\/www.centrumkas.pl\/wp-content\/uploads\/2023\/12\/terminal-desk-2600-i-pinpad-300x300.webp\" data-thumb-alt=\"\"><\/div>\n<\/figure>\n<\/div>\n<\/div>\n<\/div>","protected":false},"featured_media":2391,"comment_status":"open","ping_status":"closed","template":"","meta":[],"product_brand":[],"product_cat":[447,526,465,528,470,466,503,516,504,514],"product_tag":[432,425],"class_list":{"0":"post-2380","1":"product","2":"type-product","3":"status-publish","4":"has-post-thumbnail","6":"product_cat-zestawy-z-kasa-fiskalna","7":"product_cat-zestawy-z-kasa-fiskalna-dla-komisow-samochodowych-i-autohandel","8":"product_cat-zestawy-z-kasa-fiskalna-dla-malych-sklepow","9":"product_cat-zestawy-z-kasa-fiskalna-dla-parkingow","10":"product_cat-zestawy-z-kasa-fiskalna-dla-warsztatow-samochodowych","11":"product_cat-zestawy-z-kasa-fiskalna-dla-wulkanizacji","12":"product_cat-zestawy-z-terminalem","13":"product_cat-zestawy-z-terminalem-dla-biura-rachunkowego","14":"product_cat-zestawy-z-terminalem-dla-kioskow-i-salonow-prasowych","15":"product_cat-zestawy-z-terminalem-dla-szkol-nauki-jazdy","16":"product_tag-kasa-fiskalna","17":"product_tag-terminal-kart-platniczych","19":"first","20":"instock","21":"taxable","22":"shipping-taxable","23":"purchasable","24":"product-type-variable","25":"has-default-attributes"},"_links":{"self":[{"href":"https:\/\/www.centrumkas.pl\/en\/wp-json\/wp\/v2\/product\/2380","targetHints":{"allow":["GET"]}}],"collection":[{"href":"https:\/\/www.centrumkas.pl\/en\/wp-json\/wp\/v2\/product"}],"about":[{"href":"https:\/\/www.centrumkas.pl\/en\/wp-json\/wp\/v2\/types\/product"}],"replies":[{"embeddable":true,"href":"https:\/\/www.centrumkas.pl\/en\/wp-json\/wp\/v2\/comments?post=2380"}],"wp:featuredmedia":[{"embeddable":true,"href":"https:\/\/www.centrumkas.pl\/en\/wp-json\/wp\/v2\/media\/2391"}],"wp:attachment":[{"href":"https:\/\/www.centrumkas.pl\/en\/wp-json\/wp\/v2\/media?parent=2380"}],"wp:term":[{"taxonomy":"product_brand","embeddable":true,"href":"https:\/\/www.centrumkas.pl\/en\/wp-json\/wp\/v2\/product_brand?post=2380"},{"taxonomy":"product_cat","embeddable":true,"href":"https:\/\/www.centrumkas.pl\/en\/wp-json\/wp\/v2\/product_cat?post=2380"},{"taxonomy":"product_tag","embeddable":true,"href":"https:\/\/www.centrumkas.pl\/en\/wp-json\/wp\/v2\/product_tag?post=2380"}],"curies":[{"name":"wp","href":"https:\/\/api.w.org\/{rel}","templated":true}]}}