{"id":2492,"date":"2024-04-29T11:41:33","date_gmt":"2024-04-29T09:41:33","guid":{"rendered":"https:\/\/www.centrumkas.pl\/?post_type=product&#038;p=2492"},"modified":"2025-06-15T22:11:48","modified_gmt":"2025-06-15T20:11:48","slug":"kasa-fiskalna-novitus-next-pro-online-terminal-desk2600-desk1600","status":"publish","type":"product","link":"https:\/\/www.centrumkas.pl\/en\/product\/kasa-fiskalna-novitus-next-pro-online-terminal-desk2600-desk1600\/","title":{"rendered":"Kasa fiskalna Novitus Next PRO Online + Terminal Desk2600 + Desk1600"},"content":{"rendered":"","protected":false},"excerpt":{"rendered":"<p>Bezkompromisowa kasa fiskalna Novitus Next PRO Online to jedno z najnowocze\u015bniejszych urz\u0105dze\u0144 na rynku, wraz z dedykowanym terminalem p\u0142atniczym Ingenico Desk2600 + Desk1600 spe\u0142ni oczekiwania ka\u017cdego biznesu.<\/p>","protected":false},"featured_media":2488,"comment_status":"open","ping_status":"closed","template":"","meta":[],"product_brand":[],"product_cat":[447,463,465,531,503,516,504,514],"product_tag":[432,425],"class_list":{"0":"post-2492","1":"product","2":"type-product","3":"status-publish","4":"has-post-thumbnail","6":"product_cat-zestawy-z-kasa-fiskalna","7":"product_cat-zestawy-z-kasa-fiskalna-dla-gastronomii","8":"product_cat-zestawy-z-kasa-fiskalna-dla-malych-sklepow","9":"product_cat-zestawy-z-kasa-fiskalna-dla-punktow-handlowo-uslugowych","10":"product_cat-zestawy-z-terminalem","11":"product_cat-zestawy-z-terminalem-dla-biura-rachunkowego","12":"product_cat-zestawy-z-terminalem-dla-kioskow-i-salonow-prasowych","13":"product_cat-zestawy-z-terminalem-dla-szkol-nauki-jazdy","14":"product_tag-kasa-fiskalna","15":"product_tag-terminal-kart-platniczych","17":"first","18":"instock","19":"taxable","20":"shipping-taxable","21":"purchasable","22":"product-type-variable","23":"has-default-attributes"},"_links":{"self":[{"href":"https:\/\/www.centrumkas.pl\/en\/wp-json\/wp\/v2\/product\/2492","targetHints":{"allow":["GET"]}}],"collection":[{"href":"https:\/\/www.centrumkas.pl\/en\/wp-json\/wp\/v2\/product"}],"about":[{"href":"https:\/\/www.centrumkas.pl\/en\/wp-json\/wp\/v2\/types\/product"}],"replies":[{"embeddable":true,"href":"https:\/\/www.centrumkas.pl\/en\/wp-json\/wp\/v2\/comments?post=2492"}],"wp:featuredmedia":[{"embeddable":true,"href":"https:\/\/www.centrumkas.pl\/en\/wp-json\/wp\/v2\/media\/2488"}],"wp:attachment":[{"href":"https:\/\/www.centrumkas.pl\/en\/wp-json\/wp\/v2\/media?parent=2492"}],"wp:term":[{"taxonomy":"product_brand","embeddable":true,"href":"https:\/\/www.centrumkas.pl\/en\/wp-json\/wp\/v2\/product_brand?post=2492"},{"taxonomy":"product_cat","embeddable":true,"href":"https:\/\/www.centrumkas.pl\/en\/wp-json\/wp\/v2\/product_cat?post=2492"},{"taxonomy":"product_tag","embeddable":true,"href":"https:\/\/www.centrumkas.pl\/en\/wp-json\/wp\/v2\/product_tag?post=2492"}],"curies":[{"name":"wp","href":"https:\/\/api.w.org\/{rel}","templated":true}]}}