{"id":4032,"date":"2024-07-31T21:16:58","date_gmt":"2024-07-31T19:16:58","guid":{"rendered":"https:\/\/www.centrumkas.pl\/?post_type=product&#038;p=4032"},"modified":"2026-03-22T23:45:39","modified_gmt":"2026-03-22T22:45:39","slug":"imin-swan-1-drukarka-posnet-thermal-xl2-gopos-terminal-ingenico-move-3500","status":"publish","type":"product","link":"https:\/\/www.centrumkas.pl\/en\/product\/imin-swan-1-drukarka-posnet-thermal-xl2-gopos-terminal-ingenico-move-3500\/","title":{"rendered":"iMin Swan 1 + Posnet Thermal XL2 Printer + GoPOS + Ingenico Move 3500 Terminal"},"content":{"rendered":"","protected":false},"excerpt":{"rendered":"<p>iMin Swan 1: Kompleksowe rozwi\u0105zanie kasowe. Wszystko, czego potrzebujesz, aby rozpocz\u0105\u0107 sprzeda\u017c. Drukarka fisklana , oprogramowanie GoPOS i terminal p\u0142atniczy w jednym zestawie. Bez d\u0142ugoterminowych zobowi\u0105za\u0144.<\/p>","protected":false},"featured_media":4034,"comment_status":"open","ping_status":"closed","template":"","meta":[],"product_brand":[],"product_cat":[451,539,547,464,546,532,573,472,473,478,469],"product_tag":[422],"class_list":{"0":"post-4032","1":"product","2":"type-product","3":"status-publish","4":"has-post-thumbnail","6":"product_cat-zestawy-z-drukarka-fiskalna","7":"product_cat-zestawy-z-drukarka-fiskalna-dla-dentystow","8":"product_cat-zestawy-z-drukarka-fiskalna-dla-firm-uslugowych","9":"product_cat-zestawy-z-drukarka-fiskalna-dla-gastronomii","10":"product_cat-zestawy-z-drukarka-fiskalna-dla-placowek-medycznych-i-lekarzy","11":"product_cat-zestawy-z-drukarka-fiskalna-dla-punktow-handlowo-uslugowych","12":"product_cat-zestawy-z-drukarka-fiskalna-dla-sal-zabaw","13":"product_cat-zestawy-z-drukarka-fiskalna-dla-salonow-beauty","14":"product_cat-zestawy-z-drukarka-fiskalna-dla-salonow-fryzjerskich","15":"product_cat-zestawy-z-drukarka-fiskalna-dla-stacji-paliw","16":"product_cat-zestawy-z-drukarka-fiskalna-dla-warsztatow-samochodowych","17":"product_tag-all-in-one","19":"first","20":"instock","21":"taxable","22":"shipping-taxable","23":"purchasable","24":"product-type-simple"},"_links":{"self":[{"href":"https:\/\/www.centrumkas.pl\/en\/wp-json\/wp\/v2\/product\/4032","targetHints":{"allow":["GET"]}}],"collection":[{"href":"https:\/\/www.centrumkas.pl\/en\/wp-json\/wp\/v2\/product"}],"about":[{"href":"https:\/\/www.centrumkas.pl\/en\/wp-json\/wp\/v2\/types\/product"}],"replies":[{"embeddable":true,"href":"https:\/\/www.centrumkas.pl\/en\/wp-json\/wp\/v2\/comments?post=4032"}],"wp:featuredmedia":[{"embeddable":true,"href":"https:\/\/www.centrumkas.pl\/en\/wp-json\/wp\/v2\/media\/4034"}],"wp:attachment":[{"href":"https:\/\/www.centrumkas.pl\/en\/wp-json\/wp\/v2\/media?parent=4032"}],"wp:term":[{"taxonomy":"product_brand","embeddable":true,"href":"https:\/\/www.centrumkas.pl\/en\/wp-json\/wp\/v2\/product_brand?post=4032"},{"taxonomy":"product_cat","embeddable":true,"href":"https:\/\/www.centrumkas.pl\/en\/wp-json\/wp\/v2\/product_cat?post=4032"},{"taxonomy":"product_tag","embeddable":true,"href":"https:\/\/www.centrumkas.pl\/en\/wp-json\/wp\/v2\/product_tag?post=4032"}],"curies":[{"name":"wp","href":"https:\/\/api.w.org\/{rel}","templated":true}]}}