{"id":4035,"date":"2024-07-31T21:36:06","date_gmt":"2024-07-31T19:36:06","guid":{"rendered":"https:\/\/www.centrumkas.pl\/?post_type=product&#038;p=4035"},"modified":"2026-03-22T23:46:30","modified_gmt":"2026-03-22T22:46:30","slug":"imin-d2-drukarka-novitus-deon-online-gopos-terminal-pax-a920","status":"publish","type":"product","link":"https:\/\/www.centrumkas.pl\/en\/product\/imin-d2-drukarka-novitus-deon-online-gopos-terminal-pax-a920\/","title":{"rendered":"iMin D2 + Novitus Deon Online Printer + GoPOS + PAX A920 Terminal"},"content":{"rendered":"","protected":false},"excerpt":{"rendered":"<p>Zestaw sk\u0142ada si\u0119 z terminalu POS iMin D2 z drukark\u0105 Novitus Deon Online, oprogramowaniem GoPOS i terminalem PAX A920. Jest to pot\u0119\u017cne narz\u0119dzie do zarz\u0105dzania firm\u0105, kt\u00f3re u\u0142atwia zarz\u0105dzanie bogat\u0105 ofert\u0105 produkt\u00f3w, generowanie raport\u00f3w sprzeda\u017cy, obs\u0142ug\u0119 r\u00f3\u017cnych form p\u0142atno\u015bci i tworzenie program\u00f3w lojalno\u015bciowych. Zestaw ten to idealne rozwi\u0105zanie dla firm, kt\u00f3re chc\u0105 usprawni\u0107 swoj\u0105 dzia\u0142alno\u015b\u0107 i zwi\u0119kszy\u0107 sprzeda\u017c. Jest \u0142atwy w obs\u0142udze i posiada wszystkie niezb\u0119dne funkcje do zarz\u0105dzania firm\u0105.<\/p>","protected":false},"featured_media":4033,"comment_status":"open","ping_status":"closed","template":"","meta":[],"product_brand":[],"product_cat":[451,539,547,464,546,532,573,472,473,478,469],"product_tag":[422],"class_list":{"0":"post-4035","1":"product","2":"type-product","3":"status-publish","4":"has-post-thumbnail","6":"product_cat-zestawy-z-drukarka-fiskalna","7":"product_cat-zestawy-z-drukarka-fiskalna-dla-dentystow","8":"product_cat-zestawy-z-drukarka-fiskalna-dla-firm-uslugowych","9":"product_cat-zestawy-z-drukarka-fiskalna-dla-gastronomii","10":"product_cat-zestawy-z-drukarka-fiskalna-dla-placowek-medycznych-i-lekarzy","11":"product_cat-zestawy-z-drukarka-fiskalna-dla-punktow-handlowo-uslugowych","12":"product_cat-zestawy-z-drukarka-fiskalna-dla-sal-zabaw","13":"product_cat-zestawy-z-drukarka-fiskalna-dla-salonow-beauty","14":"product_cat-zestawy-z-drukarka-fiskalna-dla-salonow-fryzjerskich","15":"product_cat-zestawy-z-drukarka-fiskalna-dla-stacji-paliw","16":"product_cat-zestawy-z-drukarka-fiskalna-dla-warsztatow-samochodowych","17":"product_tag-all-in-one","19":"first","20":"instock","21":"taxable","22":"shipping-taxable","23":"purchasable","24":"product-type-simple"},"_links":{"self":[{"href":"https:\/\/www.centrumkas.pl\/en\/wp-json\/wp\/v2\/product\/4035","targetHints":{"allow":["GET"]}}],"collection":[{"href":"https:\/\/www.centrumkas.pl\/en\/wp-json\/wp\/v2\/product"}],"about":[{"href":"https:\/\/www.centrumkas.pl\/en\/wp-json\/wp\/v2\/types\/product"}],"replies":[{"embeddable":true,"href":"https:\/\/www.centrumkas.pl\/en\/wp-json\/wp\/v2\/comments?post=4035"}],"wp:featuredmedia":[{"embeddable":true,"href":"https:\/\/www.centrumkas.pl\/en\/wp-json\/wp\/v2\/media\/4033"}],"wp:attachment":[{"href":"https:\/\/www.centrumkas.pl\/en\/wp-json\/wp\/v2\/media?parent=4035"}],"wp:term":[{"taxonomy":"product_brand","embeddable":true,"href":"https:\/\/www.centrumkas.pl\/en\/wp-json\/wp\/v2\/product_brand?post=4035"},{"taxonomy":"product_cat","embeddable":true,"href":"https:\/\/www.centrumkas.pl\/en\/wp-json\/wp\/v2\/product_cat?post=4035"},{"taxonomy":"product_tag","embeddable":true,"href":"https:\/\/www.centrumkas.pl\/en\/wp-json\/wp\/v2\/product_tag?post=4035"}],"curies":[{"name":"wp","href":"https:\/\/api.w.org\/{rel}","templated":true}]}}