{"id":4050,"date":"2024-08-03T13:03:39","date_gmt":"2024-08-03T11:03:39","guid":{"rendered":"https:\/\/www.centrumkas.pl\/?post_type=product&#038;p=4050"},"modified":"2026-03-24T00:26:35","modified_gmt":"2026-03-23T23:26:35","slug":"hisense-hk570e-drukarka-posnet-thermal-xl2-online-terminal-pax-a80","status":"publish","type":"product","link":"https:\/\/www.centrumkas.pl\/en\/product\/hisense-hk570e-drukarka-posnet-thermal-xl2-online-terminal-pax-a80\/","title":{"rendered":"Hisense HK570E + Posnet Thermal XL2 Online Printer + PAX A80 Terminal"},"content":{"rendered":"","protected":false},"excerpt":{"rendered":"<p>Komputer kasowy oparty na systemie Windows dla wymagaj\u0105cych klient\u00f3w. Zestaw zawiera: wydajny terminal POS Hisense HK 570, szybk\u0105 drukark\u0119 Thermal XL2, nowoczesny terminal p\u0142atniczy Pax A80+Pinpad Pax. Dzi\u0119ki systemowi Windows masz nieograniczone mo\u017cliwo\u015bci rozbudowy o dodatkowe oprogramowanie.<\/p>","protected":false},"featured_media":4049,"comment_status":"open","ping_status":"closed","template":"","meta":[],"product_brand":[],"product_cat":[451,539,547,464,546,580,532,573,472,473,478,579,469],"product_tag":[422],"class_list":{"0":"post-4050","1":"product","2":"type-product","3":"status-publish","4":"has-post-thumbnail","6":"product_cat-zestawy-z-drukarka-fiskalna","7":"product_cat-zestawy-z-drukarka-fiskalna-dla-dentystow","8":"product_cat-zestawy-z-drukarka-fiskalna-dla-firm-uslugowych","9":"product_cat-zestawy-z-drukarka-fiskalna-dla-gastronomii","10":"product_cat-zestawy-z-drukarka-fiskalna-dla-placowek-medycznych-i-lekarzy","11":"product_cat-zestawy-z-drukarka-fiskalna-dla-przetargow-i-zamowien-publicznych","12":"product_cat-zestawy-z-drukarka-fiskalna-dla-punktow-handlowo-uslugowych","13":"product_cat-zestawy-z-drukarka-fiskalna-dla-sal-zabaw","14":"product_cat-zestawy-z-drukarka-fiskalna-dla-salonow-beauty","15":"product_cat-zestawy-z-drukarka-fiskalna-dla-salonow-fryzjerskich","16":"product_cat-zestawy-z-drukarka-fiskalna-dla-stacji-paliw","17":"product_cat-zestawy-z-drukarka-fiskalna-dla-szkol-edukacji","18":"product_cat-zestawy-z-drukarka-fiskalna-dla-warsztatow-samochodowych","19":"product_tag-all-in-one","21":"first","22":"instock","23":"taxable","24":"shipping-taxable","25":"purchasable","26":"product-type-simple"},"_links":{"self":[{"href":"https:\/\/www.centrumkas.pl\/en\/wp-json\/wp\/v2\/product\/4050","targetHints":{"allow":["GET"]}}],"collection":[{"href":"https:\/\/www.centrumkas.pl\/en\/wp-json\/wp\/v2\/product"}],"about":[{"href":"https:\/\/www.centrumkas.pl\/en\/wp-json\/wp\/v2\/types\/product"}],"replies":[{"embeddable":true,"href":"https:\/\/www.centrumkas.pl\/en\/wp-json\/wp\/v2\/comments?post=4050"}],"wp:featuredmedia":[{"embeddable":true,"href":"https:\/\/www.centrumkas.pl\/en\/wp-json\/wp\/v2\/media\/4049"}],"wp:attachment":[{"href":"https:\/\/www.centrumkas.pl\/en\/wp-json\/wp\/v2\/media?parent=4050"}],"wp:term":[{"taxonomy":"product_brand","embeddable":true,"href":"https:\/\/www.centrumkas.pl\/en\/wp-json\/wp\/v2\/product_brand?post=4050"},{"taxonomy":"product_cat","embeddable":true,"href":"https:\/\/www.centrumkas.pl\/en\/wp-json\/wp\/v2\/product_cat?post=4050"},{"taxonomy":"product_tag","embeddable":true,"href":"https:\/\/www.centrumkas.pl\/en\/wp-json\/wp\/v2\/product_tag?post=4050"}],"curies":[{"name":"wp","href":"https:\/\/api.w.org\/{rel}","templated":true}]}}