{"id":4345,"date":"2025-03-17T09:34:54","date_gmt":"2025-03-17T08:34:54","guid":{"rendered":"https:\/\/www.centrumkas.pl\/?post_type=product&#038;p=4345"},"modified":"2025-08-17T22:17:20","modified_gmt":"2025-08-17T20:17:20","slug":"posnet-szuflada-mk350","status":"publish","type":"product","link":"https:\/\/www.centrumkas.pl\/en\/product\/posnet-szuflada-mk350\/","title":{"rendered":"Posnet szuflada kasowa MK350"},"content":{"rendered":"","protected":false},"excerpt":{"rendered":"<p>Szuflada kasjerska MK350 to solidne rozwi\u0105zanie \u015brednich wymiar\u00f3w. Dedykowana do wi\u0119kszo\u015bci urz\u0105dze\u0144 fiskalnych POSNET posiadaj\u0105cych mo\u017cliwo\u015b\u0107 sterowania szuflad\u0105 6V lub 24V (w zale\u017cno\u015bci od wersji).<\/p>","protected":false},"featured_media":4691,"comment_status":"open","ping_status":"closed","template":"","meta":[],"product_brand":[],"product_cat":[212,242],"product_tag":[455],"class_list":{"0":"post-4345","1":"product","2":"type-product","3":"status-publish","4":"has-post-thumbnail","6":"product_cat-akcesoria","7":"product_cat-szuflady-kasowe","8":"product_tag-akcesoria","10":"first","11":"instock","12":"taxable","13":"shipping-taxable","14":"purchasable","15":"product-type-simple"},"_links":{"self":[{"href":"https:\/\/www.centrumkas.pl\/en\/wp-json\/wp\/v2\/product\/4345","targetHints":{"allow":["GET"]}}],"collection":[{"href":"https:\/\/www.centrumkas.pl\/en\/wp-json\/wp\/v2\/product"}],"about":[{"href":"https:\/\/www.centrumkas.pl\/en\/wp-json\/wp\/v2\/types\/product"}],"replies":[{"embeddable":true,"href":"https:\/\/www.centrumkas.pl\/en\/wp-json\/wp\/v2\/comments?post=4345"}],"wp:featuredmedia":[{"embeddable":true,"href":"https:\/\/www.centrumkas.pl\/en\/wp-json\/wp\/v2\/media\/4691"}],"wp:attachment":[{"href":"https:\/\/www.centrumkas.pl\/en\/wp-json\/wp\/v2\/media?parent=4345"}],"wp:term":[{"taxonomy":"product_brand","embeddable":true,"href":"https:\/\/www.centrumkas.pl\/en\/wp-json\/wp\/v2\/product_brand?post=4345"},{"taxonomy":"product_cat","embeddable":true,"href":"https:\/\/www.centrumkas.pl\/en\/wp-json\/wp\/v2\/product_cat?post=4345"},{"taxonomy":"product_tag","embeddable":true,"href":"https:\/\/www.centrumkas.pl\/en\/wp-json\/wp\/v2\/product_tag?post=4345"}],"curies":[{"name":"wp","href":"https:\/\/api.w.org\/{rel}","templated":true}]}}