{"id":4399,"date":"2025-04-05T17:46:44","date_gmt":"2025-04-05T15:46:44","guid":{"rendered":"https:\/\/www.centrumkas.pl\/?post_type=product&#038;p=4399"},"modified":"2025-06-10T12:18:50","modified_gmt":"2025-06-10T10:18:50","slug":"honeywell-genesis-xp-7680","status":"publish","type":"product","link":"https:\/\/www.centrumkas.pl\/en\/product\/honeywell-genesis-xp-7680\/","title":{"rendered":"Honeywell Genesis XP 7680"},"content":{"rendered":"","protected":false},"excerpt":{"rendered":"<p>Honeywell Genesis\u2122 XP 7680g to skaner prezentacyjny, kt\u00f3ry zapewnia szybki i prawid\u0142owy odczyt nawet s\u0142abo wydrukowanych kod\u00f3w kreskowych i jednocze\u015bnie zwi\u0119ksza wydajno\u015b\u0107 pracy operatora.<\/p>","protected":false},"featured_media":4403,"comment_status":"open","ping_status":"closed","template":"","meta":[],"product_brand":[],"product_cat":[212,379,213,512,520,508],"product_tag":[427],"class_list":{"0":"post-4399","1":"product","2":"type-product","3":"status-publish","4":"has-post-thumbnail","6":"product_cat-akcesoria","7":"product_cat-honeywell","8":"product_cat-skanery-kodow-kreskowych","9":"product_cat-skanery-kodow-kreskowych-dla-handlu-obwoznego","10":"product_cat-skanery-kodow-kreskowych-dla-hurtowni","11":"product_cat-skanery-kodow-kreskowych-dla-kioskow-i-salonow-prasowych","12":"product_tag-skaner-kodow-kreskowych","14":"first","15":"instock","16":"taxable","17":"shipping-taxable","18":"purchasable","19":"product-type-simple"},"_links":{"self":[{"href":"https:\/\/www.centrumkas.pl\/en\/wp-json\/wp\/v2\/product\/4399","targetHints":{"allow":["GET"]}}],"collection":[{"href":"https:\/\/www.centrumkas.pl\/en\/wp-json\/wp\/v2\/product"}],"about":[{"href":"https:\/\/www.centrumkas.pl\/en\/wp-json\/wp\/v2\/types\/product"}],"replies":[{"embeddable":true,"href":"https:\/\/www.centrumkas.pl\/en\/wp-json\/wp\/v2\/comments?post=4399"}],"wp:featuredmedia":[{"embeddable":true,"href":"https:\/\/www.centrumkas.pl\/en\/wp-json\/wp\/v2\/media\/4403"}],"wp:attachment":[{"href":"https:\/\/www.centrumkas.pl\/en\/wp-json\/wp\/v2\/media?parent=4399"}],"wp:term":[{"taxonomy":"product_brand","embeddable":true,"href":"https:\/\/www.centrumkas.pl\/en\/wp-json\/wp\/v2\/product_brand?post=4399"},{"taxonomy":"product_cat","embeddable":true,"href":"https:\/\/www.centrumkas.pl\/en\/wp-json\/wp\/v2\/product_cat?post=4399"},{"taxonomy":"product_tag","embeddable":true,"href":"https:\/\/www.centrumkas.pl\/en\/wp-json\/wp\/v2\/product_tag?post=4399"}],"curies":[{"name":"wp","href":"https:\/\/api.w.org\/{rel}","templated":true}]}}