{"id":4416,"date":"2025-04-05T22:50:07","date_gmt":"2025-04-05T20:50:07","guid":{"rendered":"https:\/\/www.centrumkas.pl\/?post_type=product&#038;p=4416"},"modified":"2025-05-10T22:48:01","modified_gmt":"2025-05-10T20:48:01","slug":"honeywell-voyager-1350g","status":"publish","type":"product","link":"https:\/\/www.centrumkas.pl\/en\/product\/honeywell-voyager-1350g\/","title":{"rendered":"Honeywell Voyager 1350G"},"content":{"rendered":"","protected":false},"excerpt":{"rendered":"<ul>\n<li>Typ czytnika: przewodowy<\/li>\n<li>Zastosowanie (nat\u0119\u017cenie ruchu): ma\u0142e<\/li>\n<li>Wyzwalanie odczytu: r\u0119czne \/ automatyczne<\/li>\n<\/ul>","protected":false},"featured_media":4418,"comment_status":"open","ping_status":"closed","template":"","meta":[],"product_brand":[],"product_cat":[212,379,213,490],"product_tag":[427],"class_list":{"0":"post-4416","1":"product","2":"type-product","3":"status-publish","4":"has-post-thumbnail","6":"product_cat-akcesoria","7":"product_cat-honeywell","8":"product_cat-skanery-kodow-kreskowych","9":"product_cat-skanery-kodow-kreskowych-dla-stacji-paliw","10":"product_tag-skaner-kodow-kreskowych","12":"first","13":"instock","14":"taxable","15":"shipping-taxable","16":"purchasable","17":"product-type-simple"},"_links":{"self":[{"href":"https:\/\/www.centrumkas.pl\/en\/wp-json\/wp\/v2\/product\/4416","targetHints":{"allow":["GET"]}}],"collection":[{"href":"https:\/\/www.centrumkas.pl\/en\/wp-json\/wp\/v2\/product"}],"about":[{"href":"https:\/\/www.centrumkas.pl\/en\/wp-json\/wp\/v2\/types\/product"}],"replies":[{"embeddable":true,"href":"https:\/\/www.centrumkas.pl\/en\/wp-json\/wp\/v2\/comments?post=4416"}],"wp:featuredmedia":[{"embeddable":true,"href":"https:\/\/www.centrumkas.pl\/en\/wp-json\/wp\/v2\/media\/4418"}],"wp:attachment":[{"href":"https:\/\/www.centrumkas.pl\/en\/wp-json\/wp\/v2\/media?parent=4416"}],"wp:term":[{"taxonomy":"product_brand","embeddable":true,"href":"https:\/\/www.centrumkas.pl\/en\/wp-json\/wp\/v2\/product_brand?post=4416"},{"taxonomy":"product_cat","embeddable":true,"href":"https:\/\/www.centrumkas.pl\/en\/wp-json\/wp\/v2\/product_cat?post=4416"},{"taxonomy":"product_tag","embeddable":true,"href":"https:\/\/www.centrumkas.pl\/en\/wp-json\/wp\/v2\/product_tag?post=4416"}],"curies":[{"name":"wp","href":"https:\/\/api.w.org\/{rel}","templated":true}]}}