{"id":4471,"date":"2025-04-10T22:32:22","date_gmt":"2025-04-10T20:32:22","guid":{"rendered":"https:\/\/www.centrumkas.pl\/?post_type=product&#038;p=4471"},"modified":"2025-11-05T14:56:32","modified_gmt":"2025-11-05T13:56:32","slug":"zestaw-trio-online-tablet-triotab","status":"publish","type":"product","link":"https:\/\/www.centrumkas.pl\/en\/product\/zestaw-trio-online-tablet-triotab\/","title":{"rendered":"Set: Trio ONLINE + TrioTAB tablet"},"content":{"rendered":"","protected":false},"excerpt":{"rendered":"<div class=\"product_short_desc\">\n<p>Drukarka Trio ONLINE w po\u0142\u0105czeniu ze specjalistycznym tabletem kasjerskim Posnet TrioTAB stanowi kompletne stanowisko sprzeda\u017cy wyposa\u017cone w 10&#8243; ekran dotykowy z systemem Android 14, skaner kod\u00f3w kreskowych 2D, porty USB.<\/p>\n<p>Wykorzystuj\u0105c zaawansowane funkcje mobilne tabletu, sprzedawca mo\u017ce wygodnie pracowa\u0107 zar\u00f3wno w trybie stacjonarnym, jak i mobilnym.<\/p>\n<\/div>","protected":false},"featured_media":4474,"comment_status":"open","ping_status":"closed","template":"","meta":[],"product_brand":[],"product_cat":[26,25,556,232,214],"product_tag":[432],"class_list":{"0":"post-4471","1":"product","2":"type-product","3":"status-publish","4":"has-post-thumbnail","6":"product_cat-all-in-one","7":"product_cat-drukarki-fiskalne","8":"product_cat-fast-food-foodtruck","9":"product_cat-posnet-polska-sa","10":"product_cat-terminale-komputerowe-pos","11":"product_tag-kasa-fiskalna","13":"first","14":"instock","15":"taxable","16":"shipping-taxable","17":"purchasable","18":"product-type-simple"},"_links":{"self":[{"href":"https:\/\/www.centrumkas.pl\/en\/wp-json\/wp\/v2\/product\/4471","targetHints":{"allow":["GET"]}}],"collection":[{"href":"https:\/\/www.centrumkas.pl\/en\/wp-json\/wp\/v2\/product"}],"about":[{"href":"https:\/\/www.centrumkas.pl\/en\/wp-json\/wp\/v2\/types\/product"}],"replies":[{"embeddable":true,"href":"https:\/\/www.centrumkas.pl\/en\/wp-json\/wp\/v2\/comments?post=4471"}],"wp:featuredmedia":[{"embeddable":true,"href":"https:\/\/www.centrumkas.pl\/en\/wp-json\/wp\/v2\/media\/4474"}],"wp:attachment":[{"href":"https:\/\/www.centrumkas.pl\/en\/wp-json\/wp\/v2\/media?parent=4471"}],"wp:term":[{"taxonomy":"product_brand","embeddable":true,"href":"https:\/\/www.centrumkas.pl\/en\/wp-json\/wp\/v2\/product_brand?post=4471"},{"taxonomy":"product_cat","embeddable":true,"href":"https:\/\/www.centrumkas.pl\/en\/wp-json\/wp\/v2\/product_cat?post=4471"},{"taxonomy":"product_tag","embeddable":true,"href":"https:\/\/www.centrumkas.pl\/en\/wp-json\/wp\/v2\/product_tag?post=4471"}],"curies":[{"name":"wp","href":"https:\/\/api.w.org\/{rel}","templated":true}]}}