{"id":4502,"date":"2025-04-22T22:54:25","date_gmt":"2025-04-22T20:54:25","guid":{"rendered":"https:\/\/www.centrumkas.pl\/?post_type=product&#038;p=4502"},"modified":"2025-11-20T23:32:34","modified_gmt":"2025-11-20T22:32:34","slug":"wyswietlacz-do-terminala-imin-swan","status":"publish","type":"product","link":"https:\/\/www.centrumkas.pl\/en\/product\/wyswietlacz-do-terminala-imin-swan\/","title":{"rendered":"Wy\u015bwietlacz do terminala iMin Swan"},"content":{"rendered":"","protected":false},"excerpt":{"rendered":"<p>Drugi wy\u015bwietlacz do terminala iMin Swan. Przek\u0105tn\u0105 10&#8243;, ekran jest niedotykowy.<\/p>","protected":false},"featured_media":4503,"comment_status":"open","ping_status":"closed","template":"","meta":[],"product_brand":[],"product_cat":[212,499],"product_tag":[455],"class_list":{"0":"post-4502","1":"product","2":"type-product","3":"status-publish","4":"has-post-thumbnail","6":"product_cat-akcesoria","7":"product_cat-ekrany-do-terminali-pos","8":"product_tag-akcesoria","10":"first","11":"instock","12":"taxable","13":"shipping-taxable","14":"purchasable","15":"product-type-simple"},"_links":{"self":[{"href":"https:\/\/www.centrumkas.pl\/en\/wp-json\/wp\/v2\/product\/4502","targetHints":{"allow":["GET"]}}],"collection":[{"href":"https:\/\/www.centrumkas.pl\/en\/wp-json\/wp\/v2\/product"}],"about":[{"href":"https:\/\/www.centrumkas.pl\/en\/wp-json\/wp\/v2\/types\/product"}],"replies":[{"embeddable":true,"href":"https:\/\/www.centrumkas.pl\/en\/wp-json\/wp\/v2\/comments?post=4502"}],"wp:featuredmedia":[{"embeddable":true,"href":"https:\/\/www.centrumkas.pl\/en\/wp-json\/wp\/v2\/media\/4503"}],"wp:attachment":[{"href":"https:\/\/www.centrumkas.pl\/en\/wp-json\/wp\/v2\/media?parent=4502"}],"wp:term":[{"taxonomy":"product_brand","embeddable":true,"href":"https:\/\/www.centrumkas.pl\/en\/wp-json\/wp\/v2\/product_brand?post=4502"},{"taxonomy":"product_cat","embeddable":true,"href":"https:\/\/www.centrumkas.pl\/en\/wp-json\/wp\/v2\/product_cat?post=4502"},{"taxonomy":"product_tag","embeddable":true,"href":"https:\/\/www.centrumkas.pl\/en\/wp-json\/wp\/v2\/product_tag?post=4502"}],"curies":[{"name":"wp","href":"https:\/\/api.w.org\/{rel}","templated":true}]}}