{"id":4697,"date":"2025-08-22T20:13:17","date_gmt":"2025-08-22T18:13:17","guid":{"rendered":"https:\/\/www.centrumkas.pl\/?post_type=product&#038;p=4697"},"modified":"2025-08-24T17:01:16","modified_gmt":"2025-08-24T15:01:16","slug":"sunso-wtp805w","status":"publish","type":"product","link":"https:\/\/www.centrumkas.pl\/en\/product\/sunso-wtp805w\/","title":{"rendered":"Sunso WTP805W (WIFI + BT)"},"content":{"rendered":"","protected":false},"excerpt":{"rendered":"<p>Ma\u0142a drukarka termiczna Sunso WTP805W (WIFI + BT), zaprojektowana jest do pracy w ci\u0119\u017ckich warunkach.<\/p>","protected":false},"featured_media":4698,"comment_status":"open","ping_status":"closed","template":"","meta":[],"product_brand":[],"product_cat":[212,285],"product_tag":[453],"class_list":{"0":"post-4697","1":"product","2":"type-product","3":"status-publish","4":"has-post-thumbnail","6":"product_cat-akcesoria","7":"product_cat-drukarki-zamowien-kodow","8":"product_tag-drukarka-kodow","10":"first","11":"instock","12":"taxable","13":"shipping-taxable","14":"purchasable","15":"product-type-simple"},"_links":{"self":[{"href":"https:\/\/www.centrumkas.pl\/en\/wp-json\/wp\/v2\/product\/4697","targetHints":{"allow":["GET"]}}],"collection":[{"href":"https:\/\/www.centrumkas.pl\/en\/wp-json\/wp\/v2\/product"}],"about":[{"href":"https:\/\/www.centrumkas.pl\/en\/wp-json\/wp\/v2\/types\/product"}],"replies":[{"embeddable":true,"href":"https:\/\/www.centrumkas.pl\/en\/wp-json\/wp\/v2\/comments?post=4697"}],"wp:featuredmedia":[{"embeddable":true,"href":"https:\/\/www.centrumkas.pl\/en\/wp-json\/wp\/v2\/media\/4698"}],"wp:attachment":[{"href":"https:\/\/www.centrumkas.pl\/en\/wp-json\/wp\/v2\/media?parent=4697"}],"wp:term":[{"taxonomy":"product_brand","embeddable":true,"href":"https:\/\/www.centrumkas.pl\/en\/wp-json\/wp\/v2\/product_brand?post=4697"},{"taxonomy":"product_cat","embeddable":true,"href":"https:\/\/www.centrumkas.pl\/en\/wp-json\/wp\/v2\/product_cat?post=4697"},{"taxonomy":"product_tag","embeddable":true,"href":"https:\/\/www.centrumkas.pl\/en\/wp-json\/wp\/v2\/product_tag?post=4697"}],"curies":[{"name":"wp","href":"https:\/\/api.w.org\/{rel}","templated":true}]}}