{"id":4700,"date":"2025-08-22T21:30:37","date_gmt":"2025-08-22T19:30:37","guid":{"rendered":"https:\/\/www.centrumkas.pl\/?post_type=product&#038;p=4700"},"modified":"2026-03-24T00:19:09","modified_gmt":"2026-03-23T23:19:09","slug":"imin-swan-2","status":"publish","type":"product","link":"https:\/\/www.centrumkas.pl\/en\/product\/imin-swan-2\/","title":{"rendered":"iMin Swan 2"},"content":{"rendered":"","protected":false},"excerpt":{"rendered":"<p>Terminal POS iMin Swan 2 to innowacyjne rozwi\u0105zanie dla przedsi\u0119biorstw, kt\u00f3re poszukuj\u0105 niezawodnego i stylowego urz\u0105dzenia. Jego minimalistyczny design wsp\u00f3\u0142gra z r\u00f3\u017cnorodnymi wn\u0119trzami biznesowymi, a zaawansowane funkcje wspieraj\u0105 codzienn\u0105 dzia\u0142alno\u015b\u0107.<\/p>","protected":false},"featured_media":4704,"comment_status":"open","ping_status":"closed","template":"","meta":[],"product_brand":[],"product_cat":[491,486,214,462,519,578,534,577],"product_tag":[459,458],"class_list":{"0":"post-4700","1":"product","2":"type-product","3":"status-publish","4":"has-post-thumbnail","6":"product_cat-imin","7":"product_cat-terminal-pos-dla-malego-sklepu","8":"product_cat-terminale-komputerowe-pos","9":"product_cat-terminale-pos-dla-gastronomii","10":"product_cat-terminale-pos-dla-hurtowni","11":"product_cat-terminale-pos-dla-przetargow-i-zamowien-publicznych","12":"product_cat-terminale-pos-dla-punktow-handlowo-uslugowych","13":"product_cat-terminale-pos-dla-szkol-edukacji","14":"product_tag-pos","15":"product_tag-terminal-komputerowy","17":"first","18":"instock","19":"taxable","20":"shipping-taxable","21":"purchasable","22":"product-type-simple"},"_links":{"self":[{"href":"https:\/\/www.centrumkas.pl\/en\/wp-json\/wp\/v2\/product\/4700","targetHints":{"allow":["GET"]}}],"collection":[{"href":"https:\/\/www.centrumkas.pl\/en\/wp-json\/wp\/v2\/product"}],"about":[{"href":"https:\/\/www.centrumkas.pl\/en\/wp-json\/wp\/v2\/types\/product"}],"replies":[{"embeddable":true,"href":"https:\/\/www.centrumkas.pl\/en\/wp-json\/wp\/v2\/comments?post=4700"}],"wp:featuredmedia":[{"embeddable":true,"href":"https:\/\/www.centrumkas.pl\/en\/wp-json\/wp\/v2\/media\/4704"}],"wp:attachment":[{"href":"https:\/\/www.centrumkas.pl\/en\/wp-json\/wp\/v2\/media?parent=4700"}],"wp:term":[{"taxonomy":"product_brand","embeddable":true,"href":"https:\/\/www.centrumkas.pl\/en\/wp-json\/wp\/v2\/product_brand?post=4700"},{"taxonomy":"product_cat","embeddable":true,"href":"https:\/\/www.centrumkas.pl\/en\/wp-json\/wp\/v2\/product_cat?post=4700"},{"taxonomy":"product_tag","embeddable":true,"href":"https:\/\/www.centrumkas.pl\/en\/wp-json\/wp\/v2\/product_tag?post=4700"}],"curies":[{"name":"wp","href":"https:\/\/api.w.org\/{rel}","templated":true}]}}