{"id":4779,"date":"2025-11-09T23:19:50","date_gmt":"2025-11-09T22:19:50","guid":{"rendered":"https:\/\/www.centrumkas.pl\/?post_type=product&#038;p=4779"},"modified":"2025-11-10T11:21:21","modified_gmt":"2025-11-10T10:21:21","slug":"system-sprzedazy-pos-up","status":"publish","type":"product","link":"https:\/\/www.centrumkas.pl\/en\/product\/system-sprzedazy-pos-up\/","title":{"rendered":"System sprzeda\u017cy POS-UP"},"content":{"rendered":"","protected":false},"excerpt":{"rendered":"<div class=\"flexcard-content\">\n<div class=\"flexcard-content-wrapper\">\n<div class=\"text-block\">\n<p class=\"text-large\">POS-UP to zaprojektowany przez Posnet lekki system sprzeda\u017cy, kt\u00f3rego podstawowym zadaniem\u00a0jest mo\u017cliwie jak naj\u0142atwiejsza praca kasjera.<\/p>\n<p>System sprzeda\u017cy POS-UP dzia\u0142a wy\u0142\u0105cznie na wybranych urz\u0105dzeniach Posnet: <a href=\"https:\/\/www.centrumkas.pl\/en\/product\/posnet-pospay-online-2\/\">Pospay2<\/a> i <a href=\"https:\/\/www.centrumkas.pl\/en\/product\/posnet-evo\/\">Evo<\/a> oraz na tabletach kasjerskich <a href=\"https:\/\/www.centrumkas.pl\/en\/product\/tablet-triotab\/\">Posnet TrioTAB<\/a> z systemem Android 14.<\/p>\n<\/div>\n<\/div>\n<\/div>","protected":false},"featured_media":4788,"comment_status":"open","ping_status":"closed","template":"","meta":[],"product_brand":[],"product_cat":[212,248,548,557],"product_tag":[423],"class_list":{"0":"post-4779","1":"product","2":"type-product","3":"status-publish","4":"has-post-thumbnail","6":"product_cat-akcesoria","7":"product_cat-oprogramowanie","8":"product_cat-oprogramowanie-pos","9":"product_cat-oprogramowanie-pos-dla-fast-foodow-foodtruckow","10":"product_tag-oprogramowanie-sprzedazowe","12":"first","13":"instock","14":"featured","15":"taxable","16":"shipping-taxable","17":"purchasable","18":"product-type-simple"},"_links":{"self":[{"href":"https:\/\/www.centrumkas.pl\/en\/wp-json\/wp\/v2\/product\/4779","targetHints":{"allow":["GET"]}}],"collection":[{"href":"https:\/\/www.centrumkas.pl\/en\/wp-json\/wp\/v2\/product"}],"about":[{"href":"https:\/\/www.centrumkas.pl\/en\/wp-json\/wp\/v2\/types\/product"}],"replies":[{"embeddable":true,"href":"https:\/\/www.centrumkas.pl\/en\/wp-json\/wp\/v2\/comments?post=4779"}],"wp:featuredmedia":[{"embeddable":true,"href":"https:\/\/www.centrumkas.pl\/en\/wp-json\/wp\/v2\/media\/4788"}],"wp:attachment":[{"href":"https:\/\/www.centrumkas.pl\/en\/wp-json\/wp\/v2\/media?parent=4779"}],"wp:term":[{"taxonomy":"product_brand","embeddable":true,"href":"https:\/\/www.centrumkas.pl\/en\/wp-json\/wp\/v2\/product_brand?post=4779"},{"taxonomy":"product_cat","embeddable":true,"href":"https:\/\/www.centrumkas.pl\/en\/wp-json\/wp\/v2\/product_cat?post=4779"},{"taxonomy":"product_tag","embeddable":true,"href":"https:\/\/www.centrumkas.pl\/en\/wp-json\/wp\/v2\/product_tag?post=4779"}],"curies":[{"name":"wp","href":"https:\/\/api.w.org\/{rel}","templated":true}]}}