{"id":646,"date":"2023-08-01T14:06:15","date_gmt":"2023-08-01T12:06:15","guid":{"rendered":"http:\/\/new.centrumkas.pl\/?post_type=product&#038;p=646"},"modified":"2026-03-24T00:54:12","modified_gmt":"2026-03-23T23:54:12","slug":"posnet-ergo-online","status":"publish","type":"product","link":"https:\/\/www.centrumkas.pl\/en\/product\/posnet-ergo-online\/","title":{"rendered":"Posnet Ergo Online"},"content":{"rendered":"","protected":false},"excerpt":{"rendered":"<p dir=\"ltr\">Jedna z najbardziej popularnych kas fiskalnych na rynku. Urz\u0105dzenie, dzi\u0119ki modu\u0142owej konstrukcji, zapewnia u\u017cytkownikowi swobod\u0119 wyboru mi\u0119dzy przewodowym lub bezprzewodowym po\u0142\u0105czeniem z Centralnym Repozytorium Kas (CRK).<\/p>","protected":false},"featured_media":647,"comment_status":"open","ping_status":"closed","template":"","meta":[],"product_brand":[],"product_cat":[515,537,556,543,300,509,517,316,141,502,523,302,552,527,541,232,581,529,568,314,322,574,513,306,304],"product_tag":[432],"class_list":{"0":"post-646","1":"product","2":"type-product","3":"status-publish","4":"has-post-thumbnail","6":"product_cat-biura-rachunkowe","7":"product_cat-dentysta","8":"product_cat-fast-food-foodtruck","9":"product_cat-firma-uslugowa","10":"product_cat-gastronomia","11":"product_cat-handel-obwozny","12":"product_cat-hurtownie","13":"product_cat-kancelaria-prawna","14":"product_cat-kasy-fiskalne","15":"product_cat-kioski-i-salony-prasowe","16":"product_cat-komis-samochodowy-i-autohandel","17":"product_cat-maly-sklep","18":"product_cat-mobile-beauty","19":"product_cat-parking","20":"product_cat-placowka-medyczna-i-lekarze","21":"product_cat-posnet-polska-sa","22":"product_cat-przetargi-i-zamowienia-publiczne","23":"product_cat-punkt-handlowo-uslugowy","24":"product_cat-sala-zabaw","25":"product_cat-salon-beauty","26":"product_cat-salon-fryzjerski","27":"product_cat-szkola-edukacja","28":"product_cat-szkoly-nauki-jazdy","29":"product_cat-warsztat-samochodowy","30":"product_cat-wulkanizacja","31":"product_tag-kasa-fiskalna","33":"first","34":"instock","35":"taxable","36":"shipping-taxable","37":"purchasable","38":"product-type-variable","39":"has-default-attributes"},"_links":{"self":[{"href":"https:\/\/www.centrumkas.pl\/en\/wp-json\/wp\/v2\/product\/646","targetHints":{"allow":["GET"]}}],"collection":[{"href":"https:\/\/www.centrumkas.pl\/en\/wp-json\/wp\/v2\/product"}],"about":[{"href":"https:\/\/www.centrumkas.pl\/en\/wp-json\/wp\/v2\/types\/product"}],"replies":[{"embeddable":true,"href":"https:\/\/www.centrumkas.pl\/en\/wp-json\/wp\/v2\/comments?post=646"}],"wp:featuredmedia":[{"embeddable":true,"href":"https:\/\/www.centrumkas.pl\/en\/wp-json\/wp\/v2\/media\/647"}],"wp:attachment":[{"href":"https:\/\/www.centrumkas.pl\/en\/wp-json\/wp\/v2\/media?parent=646"}],"wp:term":[{"taxonomy":"product_brand","embeddable":true,"href":"https:\/\/www.centrumkas.pl\/en\/wp-json\/wp\/v2\/product_brand?post=646"},{"taxonomy":"product_cat","embeddable":true,"href":"https:\/\/www.centrumkas.pl\/en\/wp-json\/wp\/v2\/product_cat?post=646"},{"taxonomy":"product_tag","embeddable":true,"href":"https:\/\/www.centrumkas.pl\/en\/wp-json\/wp\/v2\/product_tag?post=646"}],"curies":[{"name":"wp","href":"https:\/\/api.w.org\/{rel}","templated":true}]}}