{"id":651,"date":"2023-08-01T14:46:25","date_gmt":"2023-08-01T12:46:25","guid":{"rendered":"http:\/\/new.centrumkas.pl\/?post_type=product&#038;p=651"},"modified":"2025-10-28T10:05:05","modified_gmt":"2025-10-28T09:05:05","slug":"posnet-mobile-online","status":"publish","type":"product","link":"https:\/\/www.centrumkas.pl\/en\/product\/posnet-mobile-online\/","title":{"rendered":"Posnet Mobile Online"},"content":{"rendered":"","protected":false},"excerpt":{"rendered":"<p dir=\"ltr\">Kasa fiskalna Posnet Mobile ONLINE jest <strong>jednym z najmniejszych i najl\u017cejszych urz\u0105dze\u0144 rejestruj\u0105cych dost\u0119pnych na rynku.<\/strong> To niezawodne rozwi\u0105zanie, kt\u00f3re sprawdza si\u0119 wsz\u0119dzie tam, gdzie od sprz\u0119tu oczekuje si\u0119 mobilno\u015bci. Ponadto spe\u0142nia wszelkie wymagania modelu online, pozwalaj\u0105c na bezpieczne i automatyczne przesy\u0142anie danych do Centralnego Repozytorium Kas. <strong>Niech Ci\u0119 nie zwiod\u0105 kompaktowe rozmiary urz\u0105dzenia, kasa fiskalna Posnet Mobile ONLINE to wariant wyposa\u017cony we wszystkie niezb\u0119dne funkcjonalno\u015bci.<\/strong><\/p>","protected":false},"featured_media":652,"comment_status":"open","ping_status":"closed","template":"","meta":[],"product_brand":[],"product_cat":[537,543,509,316,141,302,552,527,541,232,314,322,306,304],"product_tag":[432],"class_list":{"0":"post-651","1":"product","2":"type-product","3":"status-publish","4":"has-post-thumbnail","6":"product_cat-dentysta","7":"product_cat-firma-uslugowa","8":"product_cat-handel-obwozny","9":"product_cat-kancelaria-prawna","10":"product_cat-kasy-fiskalne","11":"product_cat-maly-sklep","12":"product_cat-mobile-beauty","13":"product_cat-parking","14":"product_cat-placowka-medyczna-i-lekarze","15":"product_cat-posnet-polska-sa","16":"product_cat-salon-beauty","17":"product_cat-salon-fryzjerski","18":"product_cat-warsztat-samochodowy","19":"product_cat-wulkanizacja","20":"product_tag-kasa-fiskalna","22":"first","23":"instock","24":"taxable","25":"shipping-taxable","26":"purchasable","27":"product-type-variable","28":"has-default-attributes"},"_links":{"self":[{"href":"https:\/\/www.centrumkas.pl\/en\/wp-json\/wp\/v2\/product\/651","targetHints":{"allow":["GET"]}}],"collection":[{"href":"https:\/\/www.centrumkas.pl\/en\/wp-json\/wp\/v2\/product"}],"about":[{"href":"https:\/\/www.centrumkas.pl\/en\/wp-json\/wp\/v2\/types\/product"}],"replies":[{"embeddable":true,"href":"https:\/\/www.centrumkas.pl\/en\/wp-json\/wp\/v2\/comments?post=651"}],"wp:featuredmedia":[{"embeddable":true,"href":"https:\/\/www.centrumkas.pl\/en\/wp-json\/wp\/v2\/media\/652"}],"wp:attachment":[{"href":"https:\/\/www.centrumkas.pl\/en\/wp-json\/wp\/v2\/media?parent=651"}],"wp:term":[{"taxonomy":"product_brand","embeddable":true,"href":"https:\/\/www.centrumkas.pl\/en\/wp-json\/wp\/v2\/product_brand?post=651"},{"taxonomy":"product_cat","embeddable":true,"href":"https:\/\/www.centrumkas.pl\/en\/wp-json\/wp\/v2\/product_cat?post=651"},{"taxonomy":"product_tag","embeddable":true,"href":"https:\/\/www.centrumkas.pl\/en\/wp-json\/wp\/v2\/product_tag?post=651"}],"curies":[{"name":"wp","href":"https:\/\/api.w.org\/{rel}","templated":true}]}}