{"id":729,"date":"2023-08-04T14:27:42","date_gmt":"2023-08-04T12:27:42","guid":{"rendered":"http:\/\/new.centrumkas.pl\/?post_type=product&#038;p=729"},"modified":"2026-03-24T01:00:10","modified_gmt":"2026-03-24T00:00:10","slug":"posnet-thermal-xl2-online","status":"publish","type":"product","link":"https:\/\/www.centrumkas.pl\/en\/product\/posnet-thermal-xl2-online\/","title":{"rendered":"Posnet Thermal XL2 Online"},"content":{"rendered":"","protected":false},"excerpt":{"rendered":"<p>Pomimo wszechstronno\u015bci i zaawansowania technicznego drukarka fiskalna Posnet Thermal XL2 ONLINE <strong>to przyjazne i proste w obs\u0142udze urz\u0105dzenie, kt\u00f3re stanowi idealn\u0105 odpowied\u017a na potrzeby praktycznie ka\u017cdej dzia\u0142alno\u015bci.<\/strong> Jako model online w spos\u00f3b bezpo\u015bredni, automatyczny i ci\u0105g\u0142y komunikuje si\u0119 z Centralnym Repozytorium Kas. Oferuje r\u00f3wnie\u017c szereg innych praktycznych rozwi\u0105za\u0144.<\/p>","protected":false},"featured_media":730,"comment_status":"open","ping_status":"closed","template":"","meta":[],"product_brand":[],"product_cat":[25,301,321,518,309,311,237,582,530,319,576],"product_tag":[421],"class_list":{"0":"post-729","1":"product","2":"type-product","3":"status-publish","4":"has-post-thumbnail","6":"product_cat-drukarki-fiskalne","7":"product_cat-gastronomia-drukarki-fiskalne","8":"product_cat-hotel-drukarki-fiskalne","9":"product_cat-hurtownie-drukarki-fiskalne","10":"product_cat-market-drukarki-fiskalne","11":"product_cat-market-budowlany-drukarki-fiskalne","12":"product_cat-posnet-polska-sa-drukarki-fiskalne","13":"product_cat-przetargi-i-zamowienia-publiczne-drukarki","14":"product_cat-punkt-handlowo-uslugowy-drukarki-fiskalne","15":"product_cat-stacja-paliw-drukarki-fiskalne","16":"product_cat-szkola-edukacja-drukarki","17":"product_tag-drukarka-fiskalna","19":"first","20":"instock","21":"taxable","22":"shipping-taxable","23":"purchasable","24":"product-type-variable","25":"has-default-attributes"},"_links":{"self":[{"href":"https:\/\/www.centrumkas.pl\/en\/wp-json\/wp\/v2\/product\/729","targetHints":{"allow":["GET"]}}],"collection":[{"href":"https:\/\/www.centrumkas.pl\/en\/wp-json\/wp\/v2\/product"}],"about":[{"href":"https:\/\/www.centrumkas.pl\/en\/wp-json\/wp\/v2\/types\/product"}],"replies":[{"embeddable":true,"href":"https:\/\/www.centrumkas.pl\/en\/wp-json\/wp\/v2\/comments?post=729"}],"wp:featuredmedia":[{"embeddable":true,"href":"https:\/\/www.centrumkas.pl\/en\/wp-json\/wp\/v2\/media\/730"}],"wp:attachment":[{"href":"https:\/\/www.centrumkas.pl\/en\/wp-json\/wp\/v2\/media?parent=729"}],"wp:term":[{"taxonomy":"product_brand","embeddable":true,"href":"https:\/\/www.centrumkas.pl\/en\/wp-json\/wp\/v2\/product_brand?post=729"},{"taxonomy":"product_cat","embeddable":true,"href":"https:\/\/www.centrumkas.pl\/en\/wp-json\/wp\/v2\/product_cat?post=729"},{"taxonomy":"product_tag","embeddable":true,"href":"https:\/\/www.centrumkas.pl\/en\/wp-json\/wp\/v2\/product_tag?post=729"}],"curies":[{"name":"wp","href":"https:\/\/api.w.org\/{rel}","templated":true}]}}