{"id":794,"date":"2023-08-04T16:30:26","date_gmt":"2023-08-04T14:30:26","guid":{"rendered":"http:\/\/new.centrumkas.pl\/?post_type=product&#038;p=794"},"modified":"2025-04-06T00:59:45","modified_gmt":"2025-04-05T22:59:45","slug":"elzab-mera-online","status":"publish","type":"product","link":"https:\/\/www.centrumkas.pl\/en\/product\/elzab-mera-online\/","title":{"rendered":"Elzab Mera Online"},"content":{"rendered":"","protected":false},"excerpt":{"rendered":"<p>Drukarka fiskalna Elzab Mera ONLINE<strong> to wydajne i niezawodne urz\u0105dzenie, kt\u00f3re zosta\u0142o zaprojektowane z my\u015bl\u0105 o potrzebach aptek.<\/strong> Z powodzeniem mo\u017cna j\u0105 r\u00f3wnie\u017c stosowa\u0107 w sklepach. Sprz\u0119t p\u0142ynnie komunikuje si\u0119 z Centralnym Repozytorium Kas, oferuje du\u017c\u0105 pojemno\u015b\u0107 bazy towarowej oraz zapewnia szybki wydruk paragon\u00f3w.<\/p>","protected":false},"featured_media":795,"comment_status":"open","ping_status":"closed","template":"","meta":[],"product_brand":[],"product_cat":[25,235],"product_tag":[421],"class_list":{"0":"post-794","1":"product","2":"type-product","3":"status-publish","4":"has-post-thumbnail","6":"product_cat-drukarki-fiskalne","7":"product_cat-elzab-drukarki-fiskalne","8":"product_tag-drukarka-fiskalna","10":"first","11":"instock","12":"taxable","13":"shipping-taxable","14":"purchasable","15":"product-type-variable","16":"has-default-attributes"},"_links":{"self":[{"href":"https:\/\/www.centrumkas.pl\/en\/wp-json\/wp\/v2\/product\/794","targetHints":{"allow":["GET"]}}],"collection":[{"href":"https:\/\/www.centrumkas.pl\/en\/wp-json\/wp\/v2\/product"}],"about":[{"href":"https:\/\/www.centrumkas.pl\/en\/wp-json\/wp\/v2\/types\/product"}],"replies":[{"embeddable":true,"href":"https:\/\/www.centrumkas.pl\/en\/wp-json\/wp\/v2\/comments?post=794"}],"wp:featuredmedia":[{"embeddable":true,"href":"https:\/\/www.centrumkas.pl\/en\/wp-json\/wp\/v2\/media\/795"}],"wp:attachment":[{"href":"https:\/\/www.centrumkas.pl\/en\/wp-json\/wp\/v2\/media?parent=794"}],"wp:term":[{"taxonomy":"product_brand","embeddable":true,"href":"https:\/\/www.centrumkas.pl\/en\/wp-json\/wp\/v2\/product_brand?post=794"},{"taxonomy":"product_cat","embeddable":true,"href":"https:\/\/www.centrumkas.pl\/en\/wp-json\/wp\/v2\/product_cat?post=794"},{"taxonomy":"product_tag","embeddable":true,"href":"https:\/\/www.centrumkas.pl\/en\/wp-json\/wp\/v2\/product_tag?post=794"}],"curies":[{"name":"wp","href":"https:\/\/api.w.org\/{rel}","templated":true}]}}