{"id":967,"date":"2023-08-29T22:41:25","date_gmt":"2023-08-29T20:41:25","guid":{"rendered":"http:\/\/new.centrumkas.pl\/?post_type=product&#038;p=967"},"modified":"2025-06-15T23:50:28","modified_gmt":"2025-06-15T21:50:28","slug":"pos-elzab-p11","status":"publish","type":"product","link":"https:\/\/www.centrumkas.pl\/en\/product\/pos-elzab-p11\/","title":{"rendered":"POS Elzab P11+"},"content":{"rendered":"","protected":false},"excerpt":{"rendered":"<p>&nbsp;<\/p>\n<p>Terminal POS ELZAB P11plus to urz\u0105dzenie dedykowane do pracy w punktach handlowych i gastronomicznych. Dzi\u0119ki zastosowaniu ekranu dotykowego terminal u\u0142atwia i przy\u015bpiesza prac\u0119 sprzedawcy.<br \/>\nPOSy ELZAB P11 to idealny wyb\u00f3r dla os\u00f3b szukaj\u0105cych wydajnego sprz\u0119tu w rozs\u0105dnej cenie.<\/p>\n<p>&nbsp;<\/p>","protected":false},"featured_media":968,"comment_status":"open","ping_status":"closed","template":"","meta":[],"product_brand":[],"product_cat":[214,462,534],"product_tag":[459],"class_list":{"0":"post-967","1":"product","2":"type-product","3":"status-publish","4":"has-post-thumbnail","6":"product_cat-terminale-komputerowe-pos","7":"product_cat-terminale-pos-dla-gastronomii","8":"product_cat-terminale-pos-dla-punktow-handlowo-uslugowych","9":"product_tag-pos","11":"first","12":"instock","13":"taxable","14":"shipping-taxable","15":"purchasable","16":"product-type-simple"},"_links":{"self":[{"href":"https:\/\/www.centrumkas.pl\/en\/wp-json\/wp\/v2\/product\/967","targetHints":{"allow":["GET"]}}],"collection":[{"href":"https:\/\/www.centrumkas.pl\/en\/wp-json\/wp\/v2\/product"}],"about":[{"href":"https:\/\/www.centrumkas.pl\/en\/wp-json\/wp\/v2\/types\/product"}],"replies":[{"embeddable":true,"href":"https:\/\/www.centrumkas.pl\/en\/wp-json\/wp\/v2\/comments?post=967"}],"wp:featuredmedia":[{"embeddable":true,"href":"https:\/\/www.centrumkas.pl\/en\/wp-json\/wp\/v2\/media\/968"}],"wp:attachment":[{"href":"https:\/\/www.centrumkas.pl\/en\/wp-json\/wp\/v2\/media?parent=967"}],"wp:term":[{"taxonomy":"product_brand","embeddable":true,"href":"https:\/\/www.centrumkas.pl\/en\/wp-json\/wp\/v2\/product_brand?post=967"},{"taxonomy":"product_cat","embeddable":true,"href":"https:\/\/www.centrumkas.pl\/en\/wp-json\/wp\/v2\/product_cat?post=967"},{"taxonomy":"product_tag","embeddable":true,"href":"https:\/\/www.centrumkas.pl\/en\/wp-json\/wp\/v2\/product_tag?post=967"}],"curies":[{"name":"wp","href":"https:\/\/api.w.org\/{rel}","templated":true}]}}