{"id":4988,"date":"2026-03-15T14:30:49","date_gmt":"2026-03-15T13:30:49","guid":{"rendered":"https:\/\/www.centrumkas.pl\/?page_id=4988"},"modified":"2026-04-01T22:28:18","modified_gmt":"2026-04-01T20:28:18","slug":"rozwiazania-dla-przetargow-i-zamowien-publicznych","status":"publish","type":"page","link":"https:\/\/www.centrumkas.pl\/ru\/rozwiazania-dla-branz\/rozwiazania-dla-przetargow-i-zamowien-publicznych\/","title":{"rendered":"Rozwi\u0105zania dla przetarg\u00f3w i zam\u00f3wie\u0144 publicznych"},"content":{"rendered":"","protected":false},"excerpt":{"rendered":"","protected":false},"author":1,"featured_media":-1,"parent":609,"menu_order":0,"comment_status":"closed","ping_status":"closed","template":"","meta":{"footnotes":""},"class_list":["post-4988","page","type-page","status-publish","has-post-thumbnail","hentry"],"_links":{"self":[{"href":"https:\/\/www.centrumkas.pl\/ru\/wp-json\/wp\/v2\/pages\/4988","targetHints":{"allow":["GET"]}}],"collection":[{"href":"https:\/\/www.centrumkas.pl\/ru\/wp-json\/wp\/v2\/pages"}],"about":[{"href":"https:\/\/www.centrumkas.pl\/ru\/wp-json\/wp\/v2\/types\/page"}],"author":[{"embeddable":true,"href":"https:\/\/www.centrumkas.pl\/ru\/wp-json\/wp\/v2\/users\/1"}],"replies":[{"embeddable":true,"href":"https:\/\/www.centrumkas.pl\/ru\/wp-json\/wp\/v2\/comments?post=4988"}],"version-history":[{"count":2,"href":"https:\/\/www.centrumkas.pl\/ru\/wp-json\/wp\/v2\/pages\/4988\/revisions"}],"predecessor-version":[{"id":4990,"href":"https:\/\/www.centrumkas.pl\/ru\/wp-json\/wp\/v2\/pages\/4988\/revisions\/4990"}],"up":[{"embeddable":true,"href":"https:\/\/www.centrumkas.pl\/ru\/wp-json\/wp\/v2\/pages\/609"}],"wp:featuredmedia":[{"embeddable":true,"href":"https:\/\/www.centrumkas.pl\/ru\/wp-json\/"}],"wp:attachment":[{"href":"https:\/\/www.centrumkas.pl\/ru\/wp-json\/wp\/v2\/media?parent=4988"}],"curies":[{"name":"wp","href":"https:\/\/api.w.org\/{rel}","templated":true}]}}