{"id":1016,"date":"2023-08-30T23:12:52","date_gmt":"2023-08-30T21:12:52","guid":{"rendered":"http:\/\/new.centrumkas.pl\/?post_type=product&#038;p=1016"},"modified":"2025-01-20T13:31:46","modified_gmt":"2025-01-20T12:31:46","slug":"posnet-elo-15e2","status":"publish","type":"product","link":"https:\/\/www.centrumkas.pl\/ru\/product\/posnet-elo-15e2\/","title":{"rendered":"Posnet ELO 15E2"},"content":{"rendered":"","protected":false},"excerpt":{"rendered":"<p>Terminal Elo 15E2 &#8211; kolejny model z serii E to urz\u0105dzenie klasy &#8222;entry-level&#8221;. Rozwi\u0105zania tego typu stosuje si\u0119 wsz\u0119dzie tam gdzie wymagana jest podstawowa konfiguracja sprz\u0119towa. Na popularno\u015b\u0107 urz\u0105dze\u0144 z serii E ma du\u017cy wp\u0142yw atrakcyjna cena i \u017cywotno\u015b\u0107. Urz\u0105dzenie dost\u0119pne jest z ekranem dotykowym 15,6&#8243; iTouch oraz AccuTouch.<\/p>","protected":false},"featured_media":1017,"comment_status":"open","ping_status":"closed","template":"","meta":[],"product_brand":[],"product_cat":[214],"product_tag":[459],"class_list":{"0":"post-1016","1":"product","2":"type-product","3":"status-publish","4":"has-post-thumbnail","6":"product_cat-terminale-komputerowe-pos","7":"product_tag-pos","9":"first","10":"onbackorder","11":"taxable","12":"shipping-taxable","13":"purchasable","14":"product-type-simple"},"_links":{"self":[{"href":"https:\/\/www.centrumkas.pl\/ru\/wp-json\/wp\/v2\/product\/1016","targetHints":{"allow":["GET"]}}],"collection":[{"href":"https:\/\/www.centrumkas.pl\/ru\/wp-json\/wp\/v2\/product"}],"about":[{"href":"https:\/\/www.centrumkas.pl\/ru\/wp-json\/wp\/v2\/types\/product"}],"replies":[{"embeddable":true,"href":"https:\/\/www.centrumkas.pl\/ru\/wp-json\/wp\/v2\/comments?post=1016"}],"wp:featuredmedia":[{"embeddable":true,"href":"https:\/\/www.centrumkas.pl\/ru\/wp-json\/wp\/v2\/media\/1017"}],"wp:attachment":[{"href":"https:\/\/www.centrumkas.pl\/ru\/wp-json\/wp\/v2\/media?parent=1016"}],"wp:term":[{"taxonomy":"product_brand","embeddable":true,"href":"https:\/\/www.centrumkas.pl\/ru\/wp-json\/wp\/v2\/product_brand?post=1016"},{"taxonomy":"product_cat","embeddable":true,"href":"https:\/\/www.centrumkas.pl\/ru\/wp-json\/wp\/v2\/product_cat?post=1016"},{"taxonomy":"product_tag","embeddable":true,"href":"https:\/\/www.centrumkas.pl\/ru\/wp-json\/wp\/v2\/product_tag?post=1016"}],"curies":[{"name":"wp","href":"https:\/\/api.w.org\/{rel}","templated":true}]}}