{"id":1153,"date":"2023-10-10T16:50:40","date_gmt":"2023-10-10T14:50:40","guid":{"rendered":"http:\/\/new.centrumkas.pl\/?post_type=product&#038;p=1153"},"modified":"2024-08-30T21:09:57","modified_gmt":"2024-08-30T19:09:57","slug":"dibal-g-305","status":"publish","type":"product","link":"https:\/\/www.centrumkas.pl\/ru\/product\/dibal-g-305\/","title":{"rendered":"Dibal G-305"},"content":{"rendered":"","protected":false},"excerpt":{"rendered":"<p>Waga DIBAL G-305 to najnowsza propozycja firmy NOVITUS je\u015bli chodzi o wagi proste. Urz\u0105dzenie wyposa\u017cone jest w dwa pod\u015bwietlane wy\u015bwietlacze LCD oraz interfejs RS232. Jest zasilane z sieci lub z akumulatora. Waga doskonale sprawdza si\u0119 w ma\u0142ych i \u015brednich plac\u00f3wkach handlowych oraz w gastronomii. Mo\u017ce by\u0107 wykorzystywana zar\u00f3wno, jako waga p\u0142aska, jak r\u00f3wnie\u017c, po zamontowaniu do\u0142\u0105czonej do ka\u017cdego opakowania wie\u017cy, jako waga z wysi\u0119gnikiem.<\/p>","protected":false},"featured_media":1154,"comment_status":"open","ping_status":"closed","template":"","meta":[],"product_brand":[],"product_cat":[212,382,251],"product_tag":[448],"class_list":{"0":"post-1153","1":"product","2":"type-product","3":"status-publish","4":"has-post-thumbnail","6":"product_cat-akcesoria","7":"product_cat-dibal","8":"product_cat-wagi","9":"product_tag-waga","11":"first","12":"instock","13":"taxable","14":"shipping-taxable","15":"purchasable","16":"product-type-simple"},"_links":{"self":[{"href":"https:\/\/www.centrumkas.pl\/ru\/wp-json\/wp\/v2\/product\/1153","targetHints":{"allow":["GET"]}}],"collection":[{"href":"https:\/\/www.centrumkas.pl\/ru\/wp-json\/wp\/v2\/product"}],"about":[{"href":"https:\/\/www.centrumkas.pl\/ru\/wp-json\/wp\/v2\/types\/product"}],"replies":[{"embeddable":true,"href":"https:\/\/www.centrumkas.pl\/ru\/wp-json\/wp\/v2\/comments?post=1153"}],"wp:featuredmedia":[{"embeddable":true,"href":"https:\/\/www.centrumkas.pl\/ru\/wp-json\/wp\/v2\/media\/1154"}],"wp:attachment":[{"href":"https:\/\/www.centrumkas.pl\/ru\/wp-json\/wp\/v2\/media?parent=1153"}],"wp:term":[{"taxonomy":"product_brand","embeddable":true,"href":"https:\/\/www.centrumkas.pl\/ru\/wp-json\/wp\/v2\/product_brand?post=1153"},{"taxonomy":"product_cat","embeddable":true,"href":"https:\/\/www.centrumkas.pl\/ru\/wp-json\/wp\/v2\/product_cat?post=1153"},{"taxonomy":"product_tag","embeddable":true,"href":"https:\/\/www.centrumkas.pl\/ru\/wp-json\/wp\/v2\/product_tag?post=1153"}],"curies":[{"name":"wp","href":"https:\/\/api.w.org\/{rel}","templated":true}]}}