{"id":1222,"date":"2023-10-14T11:54:27","date_gmt":"2023-10-14T09:54:27","guid":{"rendered":"http:\/\/new.centrumkas.pl\/?post_type=product&#038;p=1222"},"modified":"2024-08-30T20:42:47","modified_gmt":"2024-08-30T18:42:47","slug":"insert-gratyfikant-gt","status":"publish","type":"product","link":"https:\/\/www.centrumkas.pl\/ru\/product\/insert-gratyfikant-gt\/","title":{"rendered":"\u0412\u0441\u0442\u0430\u0432\u043a\u0430 \u2013 \u0423\u0434\u043e\u0432\u043b\u0435\u0442\u0432\u043e\u0440\u0435\u043d\u0438\u0435 \u043e\u0442 GT"},"content":{"rendered":"","protected":false},"excerpt":{"rendered":"<p>Dopasowujemy programy dok\u0142adnie do potrzeb ka\u017cdego Klienta. Przygotujemy szczeg\u00f3\u0142owy kosztorys oprogramowania oraz dodatkowych urz\u0105dze\u0144 je\u015bli b\u0119d\u0105 potrzebne.<\/p>","protected":false},"featured_media":1223,"comment_status":"open","ping_status":"closed","template":"","meta":[],"product_brand":[],"product_cat":[248],"product_tag":[423],"class_list":{"0":"post-1222","1":"product","2":"type-product","3":"status-publish","4":"has-post-thumbnail","6":"product_cat-oprogramowanie","7":"product_tag-oprogramowanie-sprzedazowe","9":"first","10":"instock","11":"taxable","12":"shipping-taxable","13":"purchasable","14":"product-type-simple"},"_links":{"self":[{"href":"https:\/\/www.centrumkas.pl\/ru\/wp-json\/wp\/v2\/product\/1222","targetHints":{"allow":["GET"]}}],"collection":[{"href":"https:\/\/www.centrumkas.pl\/ru\/wp-json\/wp\/v2\/product"}],"about":[{"href":"https:\/\/www.centrumkas.pl\/ru\/wp-json\/wp\/v2\/types\/product"}],"replies":[{"embeddable":true,"href":"https:\/\/www.centrumkas.pl\/ru\/wp-json\/wp\/v2\/comments?post=1222"}],"wp:featuredmedia":[{"embeddable":true,"href":"https:\/\/www.centrumkas.pl\/ru\/wp-json\/wp\/v2\/media\/1223"}],"wp:attachment":[{"href":"https:\/\/www.centrumkas.pl\/ru\/wp-json\/wp\/v2\/media?parent=1222"}],"wp:term":[{"taxonomy":"product_brand","embeddable":true,"href":"https:\/\/www.centrumkas.pl\/ru\/wp-json\/wp\/v2\/product_brand?post=1222"},{"taxonomy":"product_cat","embeddable":true,"href":"https:\/\/www.centrumkas.pl\/ru\/wp-json\/wp\/v2\/product_cat?post=1222"},{"taxonomy":"product_tag","embeddable":true,"href":"https:\/\/www.centrumkas.pl\/ru\/wp-json\/wp\/v2\/product_tag?post=1222"}],"curies":[{"name":"wp","href":"https:\/\/api.w.org\/{rel}","templated":true}]}}