{"id":1226,"date":"2023-10-14T12:03:14","date_gmt":"2023-10-14T10:03:14","guid":{"rendered":"http:\/\/new.centrumkas.pl\/?post_type=product&#038;p=1226"},"modified":"2024-08-30T20:41:43","modified_gmt":"2024-08-30T18:41:43","slug":"insert-rachmistrz-gt","status":"publish","type":"product","link":"https:\/\/www.centrumkas.pl\/ru\/product\/insert-rachmistrz-gt\/","title":{"rendered":"Insert \u2013 Rachmistrz GT"},"content":{"rendered":"","protected":false},"excerpt":{"rendered":"<p>Dopasowujemy programy dok\u0142adnie do potrzeb ka\u017cdego Klienta. Przygotujemy szczeg\u00f3\u0142owy kosztorys oprogramowania oraz dodatkowych urz\u0105dze\u0144 je\u015bli b\u0119d\u0105 potrzebne.<\/p>","protected":false},"featured_media":1227,"comment_status":"open","ping_status":"closed","template":"","meta":[],"product_brand":[],"product_cat":[248],"product_tag":[423],"class_list":{"0":"post-1226","1":"product","2":"type-product","3":"status-publish","4":"has-post-thumbnail","6":"product_cat-oprogramowanie","7":"product_tag-oprogramowanie-sprzedazowe","9":"first","10":"instock","11":"taxable","12":"shipping-taxable","13":"purchasable","14":"product-type-simple"},"_links":{"self":[{"href":"https:\/\/www.centrumkas.pl\/ru\/wp-json\/wp\/v2\/product\/1226","targetHints":{"allow":["GET"]}}],"collection":[{"href":"https:\/\/www.centrumkas.pl\/ru\/wp-json\/wp\/v2\/product"}],"about":[{"href":"https:\/\/www.centrumkas.pl\/ru\/wp-json\/wp\/v2\/types\/product"}],"replies":[{"embeddable":true,"href":"https:\/\/www.centrumkas.pl\/ru\/wp-json\/wp\/v2\/comments?post=1226"}],"wp:featuredmedia":[{"embeddable":true,"href":"https:\/\/www.centrumkas.pl\/ru\/wp-json\/wp\/v2\/media\/1227"}],"wp:attachment":[{"href":"https:\/\/www.centrumkas.pl\/ru\/wp-json\/wp\/v2\/media?parent=1226"}],"wp:term":[{"taxonomy":"product_brand","embeddable":true,"href":"https:\/\/www.centrumkas.pl\/ru\/wp-json\/wp\/v2\/product_brand?post=1226"},{"taxonomy":"product_cat","embeddable":true,"href":"https:\/\/www.centrumkas.pl\/ru\/wp-json\/wp\/v2\/product_cat?post=1226"},{"taxonomy":"product_tag","embeddable":true,"href":"https:\/\/www.centrumkas.pl\/ru\/wp-json\/wp\/v2\/product_tag?post=1226"}],"curies":[{"name":"wp","href":"https:\/\/api.w.org\/{rel}","templated":true}]}}