{"id":1228,"date":"2023-10-14T12:08:42","date_gmt":"2023-10-14T10:08:42","guid":{"rendered":"http:\/\/new.centrumkas.pl\/?post_type=product&#038;p=1228"},"modified":"2024-08-30T20:37:30","modified_gmt":"2024-08-30T18:37:30","slug":"insert-rewizor-gt-system-finansowo-ksiegowy","status":"publish","type":"product","link":"https:\/\/www.centrumkas.pl\/ru\/product\/insert-rewizor-gt-system-finansowo-ksiegowy\/","title":{"rendered":"Insert \u2013 Rewizor GT (System finansowo-ksi\u0119gowy)"},"content":{"rendered":"","protected":false},"excerpt":{"rendered":"<p>Dopasowujemy programy dok\u0142adnie do potrzeb ka\u017cdego Klienta. Przygotujemy szczeg\u00f3\u0142owy kosztorys oprogramowania oraz dodatkowych urz\u0105dze\u0144 je\u015bli b\u0119d\u0105 potrzebne.<\/p>","protected":false},"featured_media":1229,"comment_status":"open","ping_status":"closed","template":"","meta":[],"product_brand":[],"product_cat":[248],"product_tag":[423],"class_list":{"0":"post-1228","1":"product","2":"type-product","3":"status-publish","4":"has-post-thumbnail","6":"product_cat-oprogramowanie","7":"product_tag-oprogramowanie-sprzedazowe","9":"first","10":"instock","11":"taxable","12":"shipping-taxable","13":"purchasable","14":"product-type-simple"},"_links":{"self":[{"href":"https:\/\/www.centrumkas.pl\/ru\/wp-json\/wp\/v2\/product\/1228","targetHints":{"allow":["GET"]}}],"collection":[{"href":"https:\/\/www.centrumkas.pl\/ru\/wp-json\/wp\/v2\/product"}],"about":[{"href":"https:\/\/www.centrumkas.pl\/ru\/wp-json\/wp\/v2\/types\/product"}],"replies":[{"embeddable":true,"href":"https:\/\/www.centrumkas.pl\/ru\/wp-json\/wp\/v2\/comments?post=1228"}],"wp:featuredmedia":[{"embeddable":true,"href":"https:\/\/www.centrumkas.pl\/ru\/wp-json\/wp\/v2\/media\/1229"}],"wp:attachment":[{"href":"https:\/\/www.centrumkas.pl\/ru\/wp-json\/wp\/v2\/media?parent=1228"}],"wp:term":[{"taxonomy":"product_brand","embeddable":true,"href":"https:\/\/www.centrumkas.pl\/ru\/wp-json\/wp\/v2\/product_brand?post=1228"},{"taxonomy":"product_cat","embeddable":true,"href":"https:\/\/www.centrumkas.pl\/ru\/wp-json\/wp\/v2\/product_cat?post=1228"},{"taxonomy":"product_tag","embeddable":true,"href":"https:\/\/www.centrumkas.pl\/ru\/wp-json\/wp\/v2\/product_tag?post=1228"}],"curies":[{"name":"wp","href":"https:\/\/api.w.org\/{rel}","templated":true}]}}