{"id":1368,"date":"2023-10-17T17:09:26","date_gmt":"2023-10-17T15:09:26","guid":{"rendered":"http:\/\/new.centrumkas.pl\/?post_type=product&#038;p=1368"},"modified":"2024-08-29T21:02:51","modified_gmt":"2024-08-29T19:02:51","slug":"sunso-mp400","status":"publish","type":"product","link":"https:\/\/www.centrumkas.pl\/ru\/product\/sunso-mp400\/","title":{"rendered":"Sunso MP400"},"content":{"rendered":"","protected":false},"excerpt":{"rendered":"<p>Drukarka dzi\u0119ki ma\u0142ym rozmiarom, wysokiej bezawaryjno\u015bci i\u00a0kompatybilno\u015bci ze standardem Epson TM-U200 stanowi doskona\u0142\u0105 alternatyw\u0119 dla tradycyjnych drukarek ig\u0142owych.<\/p>","protected":false},"featured_media":1363,"comment_status":"open","ping_status":"closed","template":"","meta":[],"product_brand":[],"product_cat":[212,285],"product_tag":[453,461],"class_list":{"0":"post-1368","1":"product","2":"type-product","3":"status-publish","4":"has-post-thumbnail","6":"product_cat-akcesoria","7":"product_cat-drukarki-zamowien-kodow","8":"product_tag-drukarka-kodow","9":"product_tag-drukarka-zamowien","11":"first","12":"instock","13":"taxable","14":"shipping-taxable","15":"purchasable","16":"product-type-simple"},"_links":{"self":[{"href":"https:\/\/www.centrumkas.pl\/ru\/wp-json\/wp\/v2\/product\/1368","targetHints":{"allow":["GET"]}}],"collection":[{"href":"https:\/\/www.centrumkas.pl\/ru\/wp-json\/wp\/v2\/product"}],"about":[{"href":"https:\/\/www.centrumkas.pl\/ru\/wp-json\/wp\/v2\/types\/product"}],"replies":[{"embeddable":true,"href":"https:\/\/www.centrumkas.pl\/ru\/wp-json\/wp\/v2\/comments?post=1368"}],"wp:featuredmedia":[{"embeddable":true,"href":"https:\/\/www.centrumkas.pl\/ru\/wp-json\/wp\/v2\/media\/1363"}],"wp:attachment":[{"href":"https:\/\/www.centrumkas.pl\/ru\/wp-json\/wp\/v2\/media?parent=1368"}],"wp:term":[{"taxonomy":"product_brand","embeddable":true,"href":"https:\/\/www.centrumkas.pl\/ru\/wp-json\/wp\/v2\/product_brand?post=1368"},{"taxonomy":"product_cat","embeddable":true,"href":"https:\/\/www.centrumkas.pl\/ru\/wp-json\/wp\/v2\/product_cat?post=1368"},{"taxonomy":"product_tag","embeddable":true,"href":"https:\/\/www.centrumkas.pl\/ru\/wp-json\/wp\/v2\/product_tag?post=1368"}],"curies":[{"name":"wp","href":"https:\/\/api.w.org\/{rel}","templated":true}]}}