{"id":1383,"date":"2023-10-17T21:05:41","date_gmt":"2023-10-17T19:05:41","guid":{"rendered":"http:\/\/new.centrumkas.pl\/?post_type=product&#038;p=1383"},"modified":"2024-10-21T15:10:23","modified_gmt":"2024-10-21T13:10:23","slug":"dibal-ps-50","status":"publish","type":"product","link":"https:\/\/www.centrumkas.pl\/ru\/product\/dibal-ps-50\/","title":{"rendered":"Dibal PS-50"},"content":{"rendered":"","protected":false},"excerpt":{"rendered":"<p>Waga DIBAL PS-50 to waga kontrolna przeznaczona do wykorzystania\u00a0w ma\u0142ych plac\u00f3wkach\u00a0handlowych oraz w gastronomii. Urz\u0105dzenie wyposa\u017cone jest w\u00a0dwa pod\u015bwietlane wy\u015bwietlacze LCD. Mo\u017ce by\u0107 zasilane z sieci lub z wbudowanego akumulatora.<\/p>","protected":false},"featured_media":1389,"comment_status":"open","ping_status":"closed","template":"","meta":[],"product_brand":[],"product_cat":[212,382,251,484],"product_tag":[448],"class_list":{"0":"post-1383","1":"product","2":"type-product","3":"status-publish","4":"has-post-thumbnail","6":"product_cat-akcesoria","7":"product_cat-dibal","8":"product_cat-wagi","9":"product_cat-wagi-dla-malego-sklepu","10":"product_tag-waga","12":"first","13":"instock","14":"taxable","15":"shipping-taxable","16":"purchasable","17":"product-type-simple"},"_links":{"self":[{"href":"https:\/\/www.centrumkas.pl\/ru\/wp-json\/wp\/v2\/product\/1383","targetHints":{"allow":["GET"]}}],"collection":[{"href":"https:\/\/www.centrumkas.pl\/ru\/wp-json\/wp\/v2\/product"}],"about":[{"href":"https:\/\/www.centrumkas.pl\/ru\/wp-json\/wp\/v2\/types\/product"}],"replies":[{"embeddable":true,"href":"https:\/\/www.centrumkas.pl\/ru\/wp-json\/wp\/v2\/comments?post=1383"}],"wp:featuredmedia":[{"embeddable":true,"href":"https:\/\/www.centrumkas.pl\/ru\/wp-json\/wp\/v2\/media\/1389"}],"wp:attachment":[{"href":"https:\/\/www.centrumkas.pl\/ru\/wp-json\/wp\/v2\/media?parent=1383"}],"wp:term":[{"taxonomy":"product_brand","embeddable":true,"href":"https:\/\/www.centrumkas.pl\/ru\/wp-json\/wp\/v2\/product_brand?post=1383"},{"taxonomy":"product_cat","embeddable":true,"href":"https:\/\/www.centrumkas.pl\/ru\/wp-json\/wp\/v2\/product_cat?post=1383"},{"taxonomy":"product_tag","embeddable":true,"href":"https:\/\/www.centrumkas.pl\/ru\/wp-json\/wp\/v2\/product_tag?post=1383"}],"curies":[{"name":"wp","href":"https:\/\/api.w.org\/{rel}","templated":true}]}}