{"id":1385,"date":"2023-10-17T21:19:45","date_gmt":"2023-10-17T19:19:45","guid":{"rendered":"http:\/\/new.centrumkas.pl\/?post_type=product&#038;p=1385"},"modified":"2024-08-29T19:04:23","modified_gmt":"2024-08-29T17:04:23","slug":"pris-ew-200","status":"publish","type":"product","link":"https:\/\/www.centrumkas.pl\/ru\/product\/pris-ew-200\/","title":{"rendered":"Pris EW-200"},"content":{"rendered":"","protected":false},"excerpt":{"rendered":"<p>Waga EW-200 to najnowsza w ofercie firmy NOVITUS waga prosta nowej marki &#8211; PRIS. Urz\u0105dzenie wyposa\u017cone jest w dwa pod\u015bwietlane wy\u015bwietlacze LCD. Jest zasilane z sieci lub z akumulatora. Waga doskonale sprawdza si\u0119 w ma\u0142ych i \u015brednich plac\u00f3wkach handlowych oraz w gastronomii.<\/p>","protected":false},"featured_media":1387,"comment_status":"open","ping_status":"closed","template":"","meta":[],"product_brand":[],"product_cat":[212,251],"product_tag":[448],"class_list":{"0":"post-1385","1":"product","2":"type-product","3":"status-publish","4":"has-post-thumbnail","6":"product_cat-akcesoria","7":"product_cat-wagi","8":"product_tag-waga","10":"first","11":"instock","12":"taxable","13":"shipping-taxable","14":"purchasable","15":"product-type-simple"},"_links":{"self":[{"href":"https:\/\/www.centrumkas.pl\/ru\/wp-json\/wp\/v2\/product\/1385","targetHints":{"allow":["GET"]}}],"collection":[{"href":"https:\/\/www.centrumkas.pl\/ru\/wp-json\/wp\/v2\/product"}],"about":[{"href":"https:\/\/www.centrumkas.pl\/ru\/wp-json\/wp\/v2\/types\/product"}],"replies":[{"embeddable":true,"href":"https:\/\/www.centrumkas.pl\/ru\/wp-json\/wp\/v2\/comments?post=1385"}],"wp:featuredmedia":[{"embeddable":true,"href":"https:\/\/www.centrumkas.pl\/ru\/wp-json\/wp\/v2\/media\/1387"}],"wp:attachment":[{"href":"https:\/\/www.centrumkas.pl\/ru\/wp-json\/wp\/v2\/media?parent=1385"}],"wp:term":[{"taxonomy":"product_brand","embeddable":true,"href":"https:\/\/www.centrumkas.pl\/ru\/wp-json\/wp\/v2\/product_brand?post=1385"},{"taxonomy":"product_cat","embeddable":true,"href":"https:\/\/www.centrumkas.pl\/ru\/wp-json\/wp\/v2\/product_cat?post=1385"},{"taxonomy":"product_tag","embeddable":true,"href":"https:\/\/www.centrumkas.pl\/ru\/wp-json\/wp\/v2\/product_tag?post=1385"}],"curies":[{"name":"wp","href":"https:\/\/api.w.org\/{rel}","templated":true}]}}