{"id":1390,"date":"2023-10-17T22:32:23","date_gmt":"2023-10-17T20:32:23","guid":{"rendered":"http:\/\/new.centrumkas.pl\/?post_type=product&#038;p=1390"},"modified":"2024-08-29T19:00:27","modified_gmt":"2024-08-29T17:00:27","slug":"dibal-d-pos","status":"publish","type":"product","link":"https:\/\/www.centrumkas.pl\/ru\/product\/dibal-d-pos\/","title":{"rendered":"Dibal D-POS"},"content":{"rendered":"","protected":false},"excerpt":{"rendered":"<p>Waga DIBAL D-POS to rozwi\u0105zanie przeznaczone do\u00a0zastosowania w boksach kasowych. Jest ona wykorzystywana przede wszystkim w du\u017cych plac\u00f3wkach handlowych oraz super i hipermarketach. Umo\u017cliwia kontrol\u0119\u00a0masy sprzedawanych towar\u00f3w bezpo\u015brednio na stanowisku kasowym. Waga mo\u017ce wsp\u00f3\u0142pracowa\u0107 z terminalem kasowym lub z kas\u0105 fiskaln\u0105.<\/p>","protected":false},"featured_media":1391,"comment_status":"open","ping_status":"closed","template":"","meta":[],"product_brand":[],"product_cat":[212,382,251],"product_tag":[448],"class_list":{"0":"post-1390","1":"product","2":"type-product","3":"status-publish","4":"has-post-thumbnail","6":"product_cat-akcesoria","7":"product_cat-dibal","8":"product_cat-wagi","9":"product_tag-waga","11":"first","12":"instock","13":"taxable","14":"shipping-taxable","15":"purchasable","16":"product-type-simple"},"_links":{"self":[{"href":"https:\/\/www.centrumkas.pl\/ru\/wp-json\/wp\/v2\/product\/1390","targetHints":{"allow":["GET"]}}],"collection":[{"href":"https:\/\/www.centrumkas.pl\/ru\/wp-json\/wp\/v2\/product"}],"about":[{"href":"https:\/\/www.centrumkas.pl\/ru\/wp-json\/wp\/v2\/types\/product"}],"replies":[{"embeddable":true,"href":"https:\/\/www.centrumkas.pl\/ru\/wp-json\/wp\/v2\/comments?post=1390"}],"wp:featuredmedia":[{"embeddable":true,"href":"https:\/\/www.centrumkas.pl\/ru\/wp-json\/wp\/v2\/media\/1391"}],"wp:attachment":[{"href":"https:\/\/www.centrumkas.pl\/ru\/wp-json\/wp\/v2\/media?parent=1390"}],"wp:term":[{"taxonomy":"product_brand","embeddable":true,"href":"https:\/\/www.centrumkas.pl\/ru\/wp-json\/wp\/v2\/product_brand?post=1390"},{"taxonomy":"product_cat","embeddable":true,"href":"https:\/\/www.centrumkas.pl\/ru\/wp-json\/wp\/v2\/product_cat?post=1390"},{"taxonomy":"product_tag","embeddable":true,"href":"https:\/\/www.centrumkas.pl\/ru\/wp-json\/wp\/v2\/product_tag?post=1390"}],"curies":[{"name":"wp","href":"https:\/\/api.w.org\/{rel}","templated":true}]}}