{"id":1400,"date":"2023-10-17T23:27:56","date_gmt":"2023-10-17T21:27:56","guid":{"rendered":"http:\/\/new.centrumkas.pl\/?post_type=product&#038;p=1400"},"modified":"2024-08-29T18:48:04","modified_gmt":"2024-08-29T16:48:04","slug":"fawag-tm-15-1-pos-b","status":"publish","type":"product","link":"https:\/\/www.centrumkas.pl\/ru\/product\/fawag-tm-15-1-pos-b\/","title":{"rendered":"Fawag TM-15\/1 POS B"},"content":{"rendered":"","protected":false},"excerpt":{"rendered":"<p>Waga TM-15\/1 POS to solidna, dwuzakresowa waga przystosowana do pracy w\u00a0ladach i\u00a0boksach kasowych. Dedykowana do wszystkich plac\u00f3wek handlowych, bez wzgl\u0119du na powierzchni\u0119.<\/p>","protected":false},"featured_media":1401,"comment_status":"open","ping_status":"closed","template":"","meta":[],"product_brand":[],"product_cat":[212,381,251],"product_tag":[448],"class_list":{"0":"post-1400","1":"product","2":"type-product","3":"status-publish","4":"has-post-thumbnail","6":"product_cat-akcesoria","7":"product_cat-fawag","8":"product_cat-wagi","9":"product_tag-waga","11":"first","12":"instock","13":"taxable","14":"shipping-taxable","15":"purchasable","16":"product-type-simple"},"_links":{"self":[{"href":"https:\/\/www.centrumkas.pl\/ru\/wp-json\/wp\/v2\/product\/1400","targetHints":{"allow":["GET"]}}],"collection":[{"href":"https:\/\/www.centrumkas.pl\/ru\/wp-json\/wp\/v2\/product"}],"about":[{"href":"https:\/\/www.centrumkas.pl\/ru\/wp-json\/wp\/v2\/types\/product"}],"replies":[{"embeddable":true,"href":"https:\/\/www.centrumkas.pl\/ru\/wp-json\/wp\/v2\/comments?post=1400"}],"wp:featuredmedia":[{"embeddable":true,"href":"https:\/\/www.centrumkas.pl\/ru\/wp-json\/wp\/v2\/media\/1401"}],"wp:attachment":[{"href":"https:\/\/www.centrumkas.pl\/ru\/wp-json\/wp\/v2\/media?parent=1400"}],"wp:term":[{"taxonomy":"product_brand","embeddable":true,"href":"https:\/\/www.centrumkas.pl\/ru\/wp-json\/wp\/v2\/product_brand?post=1400"},{"taxonomy":"product_cat","embeddable":true,"href":"https:\/\/www.centrumkas.pl\/ru\/wp-json\/wp\/v2\/product_cat?post=1400"},{"taxonomy":"product_tag","embeddable":true,"href":"https:\/\/www.centrumkas.pl\/ru\/wp-json\/wp\/v2\/product_tag?post=1400"}],"curies":[{"name":"wp","href":"https:\/\/api.w.org\/{rel}","templated":true}]}}