{"id":1417,"date":"2023-10-18T22:51:44","date_gmt":"2023-10-18T20:51:44","guid":{"rendered":"http:\/\/new.centrumkas.pl\/?post_type=product&#038;p=1417"},"modified":"2025-10-29T12:09:20","modified_gmt":"2025-10-29T11:09:20","slug":"dibal-spc-t","status":"publish","type":"product","link":"https:\/\/www.centrumkas.pl\/ru\/product\/dibal-spc-t\/","title":{"rendered":"Dibal SPC-T"},"content":{"rendered":"","protected":false},"excerpt":{"rendered":"<p>Waga DIBAL SPC-T to najnowsza w ofercie firmy NOVITUS waga kalkulacyjna dedykowana dla wszystkich, kt\u00f3rzy potrzebuj\u0105 niezawodnego urz\u0105dzenia wa\u017c\u0105cego do sprzeda\u017cy detalicznej lub kontroli dostaw towar\u00f3w wa\u017conych. Jest ona wyposa\u017cona w wewn\u0119trzny akumulator co umo\u017cliwia jej wykorzystywanie r\u00f3wnie\u017c w sprzeda\u017cy obwo\u017anej. Dodatkowo model T wyposa\u017cony jest w wygodny wysi\u0119gnik z wy\u015bwietlaczem.<\/p>","protected":false},"featured_media":1409,"comment_status":"open","ping_status":"closed","template":"","meta":[],"product_brand":[],"product_cat":[212,382,251],"product_tag":[448],"class_list":{"0":"post-1417","1":"product","2":"type-product","3":"status-publish","4":"has-post-thumbnail","6":"product_cat-akcesoria","7":"product_cat-dibal","8":"product_cat-wagi","9":"product_tag-waga","11":"first","12":"instock","13":"taxable","14":"shipping-taxable","15":"purchasable","16":"product-type-simple"},"_links":{"self":[{"href":"https:\/\/www.centrumkas.pl\/ru\/wp-json\/wp\/v2\/product\/1417","targetHints":{"allow":["GET"]}}],"collection":[{"href":"https:\/\/www.centrumkas.pl\/ru\/wp-json\/wp\/v2\/product"}],"about":[{"href":"https:\/\/www.centrumkas.pl\/ru\/wp-json\/wp\/v2\/types\/product"}],"replies":[{"embeddable":true,"href":"https:\/\/www.centrumkas.pl\/ru\/wp-json\/wp\/v2\/comments?post=1417"}],"wp:featuredmedia":[{"embeddable":true,"href":"https:\/\/www.centrumkas.pl\/ru\/wp-json\/wp\/v2\/media\/1409"}],"wp:attachment":[{"href":"https:\/\/www.centrumkas.pl\/ru\/wp-json\/wp\/v2\/media?parent=1417"}],"wp:term":[{"taxonomy":"product_brand","embeddable":true,"href":"https:\/\/www.centrumkas.pl\/ru\/wp-json\/wp\/v2\/product_brand?post=1417"},{"taxonomy":"product_cat","embeddable":true,"href":"https:\/\/www.centrumkas.pl\/ru\/wp-json\/wp\/v2\/product_cat?post=1417"},{"taxonomy":"product_tag","embeddable":true,"href":"https:\/\/www.centrumkas.pl\/ru\/wp-json\/wp\/v2\/product_tag?post=1417"}],"curies":[{"name":"wp","href":"https:\/\/api.w.org\/{rel}","templated":true}]}}