{"id":1419,"date":"2023-10-18T23:04:33","date_gmt":"2023-10-18T21:04:33","guid":{"rendered":"http:\/\/new.centrumkas.pl\/?post_type=product&#038;p=1419"},"modified":"2024-08-29T18:27:38","modified_gmt":"2024-08-29T16:27:38","slug":"elzab-prima-k-z-wysiegnikiem","status":"publish","type":"product","link":"https:\/\/www.centrumkas.pl\/ru\/product\/elzab-prima-k-z-wysiegnikiem\/","title":{"rendered":"Elzab Prima K z wysi\u0119gnikiem"},"content":{"rendered":"","protected":false},"excerpt":{"rendered":"<p>Waga elektroniczna ELZAB Prima K w wersji z wysi\u0119gnikiem jest dwudzia\u0142kow\u0105 wag\u0105 kalkulacyjn\u0105 realizuj\u0105c\u0105 wszystkie funkcje typowe dla tej grupy urz\u0105dze\u0144, takie jak dokonanie dok\u0142adnego pomiaru masy oraz wyliczenie nale\u017cno\u015bci za zwa\u017cony towar. Dodatkowo waga ELZAB Prima K posiada szereg cech i udogodnie\u0144, wyr\u00f3\u017cniaj\u0105cych j\u0105 spo\u015br\u00f3d szerokiej oferty rynkowej.<\/p>","protected":false},"featured_media":1412,"comment_status":"open","ping_status":"closed","template":"","meta":[],"product_brand":[],"product_cat":[212,251],"product_tag":[448],"class_list":{"0":"post-1419","1":"product","2":"type-product","3":"status-publish","4":"has-post-thumbnail","6":"product_cat-akcesoria","7":"product_cat-wagi","8":"product_tag-waga","10":"first","11":"instock","12":"taxable","13":"shipping-taxable","14":"purchasable","15":"product-type-simple"},"_links":{"self":[{"href":"https:\/\/www.centrumkas.pl\/ru\/wp-json\/wp\/v2\/product\/1419","targetHints":{"allow":["GET"]}}],"collection":[{"href":"https:\/\/www.centrumkas.pl\/ru\/wp-json\/wp\/v2\/product"}],"about":[{"href":"https:\/\/www.centrumkas.pl\/ru\/wp-json\/wp\/v2\/types\/product"}],"replies":[{"embeddable":true,"href":"https:\/\/www.centrumkas.pl\/ru\/wp-json\/wp\/v2\/comments?post=1419"}],"wp:featuredmedia":[{"embeddable":true,"href":"https:\/\/www.centrumkas.pl\/ru\/wp-json\/wp\/v2\/media\/1412"}],"wp:attachment":[{"href":"https:\/\/www.centrumkas.pl\/ru\/wp-json\/wp\/v2\/media?parent=1419"}],"wp:term":[{"taxonomy":"product_brand","embeddable":true,"href":"https:\/\/www.centrumkas.pl\/ru\/wp-json\/wp\/v2\/product_brand?post=1419"},{"taxonomy":"product_cat","embeddable":true,"href":"https:\/\/www.centrumkas.pl\/ru\/wp-json\/wp\/v2\/product_cat?post=1419"},{"taxonomy":"product_tag","embeddable":true,"href":"https:\/\/www.centrumkas.pl\/ru\/wp-json\/wp\/v2\/product_tag?post=1419"}],"curies":[{"name":"wp","href":"https:\/\/api.w.org\/{rel}","templated":true}]}}