{"id":1450,"date":"2023-10-19T12:38:07","date_gmt":"2023-10-19T10:38:07","guid":{"rendered":"http:\/\/new.centrumkas.pl\/?post_type=product&#038;p=1450"},"modified":"2024-08-29T18:11:25","modified_gmt":"2024-08-29T16:11:25","slug":"novitus-smartpos","status":"publish","type":"product","link":"https:\/\/www.centrumkas.pl\/ru\/product\/novitus-smartpos\/","title":{"rendered":"Novitus SmartPOS"},"content":{"rendered":"","protected":false},"excerpt":{"rendered":"<div class=\"column mcb-column mcb-item-8127e8bb9 one tablet-one mobile-one column_column\">\n<div class=\"mcb-column-inner mcb-column-inner-8127e8bb9 mcb-item-column-inner\">\n<div class=\"column_attr mfn-inline-editor clearfix\">\n<div class=\"grid-text\">\n<p>Kasa samoobs\u0142ugowa Novitus SmartPos\u00a0Optymalne rozwi\u0105zanie dla Twojego sklepu<\/p>\n<ul style=\"text-align: left;\">\n<li>W 100% produkt Polski<\/li>\n<li>Kompletne rozwi\u0105zanie samoobs\u0142ugowe<\/li>\n<li>Innowacyjny<\/li>\n<li>Zbudowany z komponent\u00f3w najwy\u017cszej jako\u015bci<\/li>\n<li>Niezawodny<\/li>\n<li>Przyjazny u\u017cytkownikowi<\/li>\n<li>Doskona\u0142y stosunek jako\u015bci do ceny<\/li>\n<li>Nowoczesny wygl\u0105d<\/li>\n<li>Kr\u00f3tki czas realizacji zam\u00f3wienia<\/li>\n<\/ul>\n<\/div>\n<\/div>\n<\/div>\n<\/div>","protected":false},"featured_media":1451,"comment_status":"open","ping_status":"closed","template":"","meta":[],"product_brand":[],"product_cat":[289],"product_tag":[424],"class_list":{"0":"post-1450","1":"product","2":"type-product","3":"status-publish","4":"has-post-thumbnail","6":"product_cat-kasy-samobslugowe","7":"product_tag-kasa-samoobslugowa","9":"first","10":"instock","11":"taxable","12":"shipping-taxable","13":"product-type-simple"},"_links":{"self":[{"href":"https:\/\/www.centrumkas.pl\/ru\/wp-json\/wp\/v2\/product\/1450","targetHints":{"allow":["GET"]}}],"collection":[{"href":"https:\/\/www.centrumkas.pl\/ru\/wp-json\/wp\/v2\/product"}],"about":[{"href":"https:\/\/www.centrumkas.pl\/ru\/wp-json\/wp\/v2\/types\/product"}],"replies":[{"embeddable":true,"href":"https:\/\/www.centrumkas.pl\/ru\/wp-json\/wp\/v2\/comments?post=1450"}],"wp:featuredmedia":[{"embeddable":true,"href":"https:\/\/www.centrumkas.pl\/ru\/wp-json\/wp\/v2\/media\/1451"}],"wp:attachment":[{"href":"https:\/\/www.centrumkas.pl\/ru\/wp-json\/wp\/v2\/media?parent=1450"}],"wp:term":[{"taxonomy":"product_brand","embeddable":true,"href":"https:\/\/www.centrumkas.pl\/ru\/wp-json\/wp\/v2\/product_brand?post=1450"},{"taxonomy":"product_cat","embeddable":true,"href":"https:\/\/www.centrumkas.pl\/ru\/wp-json\/wp\/v2\/product_cat?post=1450"},{"taxonomy":"product_tag","embeddable":true,"href":"https:\/\/www.centrumkas.pl\/ru\/wp-json\/wp\/v2\/product_tag?post=1450"}],"curies":[{"name":"wp","href":"https:\/\/api.w.org\/{rel}","templated":true}]}}