{"id":1466,"date":"2023-10-20T22:31:42","date_gmt":"2023-10-20T20:31:42","guid":{"rendered":"http:\/\/new.centrumkas.pl\/?post_type=product&#038;p=1466"},"modified":"2024-08-26T22:44:36","modified_gmt":"2024-08-26T20:44:36","slug":"dibal-d-955s","status":"publish","type":"product","link":"https:\/\/www.centrumkas.pl\/ru\/product\/dibal-d-955s\/","title":{"rendered":"Dibal D-955S"},"content":{"rendered":"","protected":false},"excerpt":{"rendered":"<p>Waga DIBAL D-955S to przedstawiciel najnowszej serii wag etykietujacych wyposa\u017conych w ekrany dotykowe. Waga posiada zintegrowany na p\u0142ycie g\u0142\u00f3wnej interfejs Ethernet oraz bardzo wydajny mechanizm drukuj\u0105cy. To w po\u0142\u0105czeniu z nowoczesnym wzornictwem, funkcjonalno\u015bci\u0105 oraz prostot\u0105 programowania i obs\u0142ugi sprawia, \u017ce jest to idealne urz\u0105dzenie dla plac\u00f3wek handlowych \u015bredniej i du\u017cej wielko\u015bci. Urz\u0105dzenie jest wyposa\u017cone w 10,4&#8243; ekran dotykowy od strony obs\u0142ugi oraz 7&#8243; wy\u015bwietlacz TFT od strony klienta.<\/p>","protected":false},"featured_media":1424,"comment_status":"open","ping_status":"closed","template":"","meta":[],"product_brand":[],"product_cat":[212,382,251],"product_tag":[448],"class_list":{"0":"post-1466","1":"product","2":"type-product","3":"status-publish","4":"has-post-thumbnail","6":"product_cat-akcesoria","7":"product_cat-dibal","8":"product_cat-wagi","9":"product_tag-waga","11":"first","12":"instock","13":"taxable","14":"shipping-taxable","15":"purchasable","16":"product-type-simple"},"_links":{"self":[{"href":"https:\/\/www.centrumkas.pl\/ru\/wp-json\/wp\/v2\/product\/1466","targetHints":{"allow":["GET"]}}],"collection":[{"href":"https:\/\/www.centrumkas.pl\/ru\/wp-json\/wp\/v2\/product"}],"about":[{"href":"https:\/\/www.centrumkas.pl\/ru\/wp-json\/wp\/v2\/types\/product"}],"replies":[{"embeddable":true,"href":"https:\/\/www.centrumkas.pl\/ru\/wp-json\/wp\/v2\/comments?post=1466"}],"wp:featuredmedia":[{"embeddable":true,"href":"https:\/\/www.centrumkas.pl\/ru\/wp-json\/wp\/v2\/media\/1424"}],"wp:attachment":[{"href":"https:\/\/www.centrumkas.pl\/ru\/wp-json\/wp\/v2\/media?parent=1466"}],"wp:term":[{"taxonomy":"product_brand","embeddable":true,"href":"https:\/\/www.centrumkas.pl\/ru\/wp-json\/wp\/v2\/product_brand?post=1466"},{"taxonomy":"product_cat","embeddable":true,"href":"https:\/\/www.centrumkas.pl\/ru\/wp-json\/wp\/v2\/product_cat?post=1466"},{"taxonomy":"product_tag","embeddable":true,"href":"https:\/\/www.centrumkas.pl\/ru\/wp-json\/wp\/v2\/product_tag?post=1466"}],"curies":[{"name":"wp","href":"https:\/\/api.w.org\/{rel}","templated":true}]}}