{"id":1467,"date":"2023-10-20T22:36:28","date_gmt":"2023-10-20T20:36:28","guid":{"rendered":"http:\/\/new.centrumkas.pl\/?post_type=product&#038;p=1467"},"modified":"2024-08-26T22:42:10","modified_gmt":"2024-08-26T20:42:10","slug":"dibal-m-525-db","status":"publish","type":"product","link":"https:\/\/www.centrumkas.pl\/ru\/product\/dibal-m-525-db\/","title":{"rendered":"Dibal M-525 DB"},"content":{"rendered":"","protected":false},"excerpt":{"rendered":"<p>Waga DIBAL M-525DB to kolejny przedstawiciel najnowszej linii produkt\u00f3w Dibala w ofercie NOVITUS &#8211; wag serii 500 &#8211; MISTRAL. W modelu tym klawiatura zosta\u0142a umieszczona na wysi\u0119gniku zgodnie z najnowszymi trendami w projektowaniu i ergonomi\u0105. Ponadto mechanizm drukarki znajduje si\u0119 w wysuwanej szufladzie pod szalk\u0105 wagi, co dodatkowo u\u0142atwia jego konserwacj\u0119 oraz wymian\u0119 papieru. Jest to idealne urz\u0105dzenie dla plac\u00f3wek handlowych \u015bredniej i du\u017cej wielko\u015bci.<\/p>","protected":false},"featured_media":1426,"comment_status":"open","ping_status":"closed","template":"","meta":[],"product_brand":[],"product_cat":[212,382,251],"product_tag":[448],"class_list":{"0":"post-1467","1":"product","2":"type-product","3":"status-publish","4":"has-post-thumbnail","6":"product_cat-akcesoria","7":"product_cat-dibal","8":"product_cat-wagi","9":"product_tag-waga","11":"first","12":"instock","13":"taxable","14":"shipping-taxable","15":"purchasable","16":"product-type-simple"},"_links":{"self":[{"href":"https:\/\/www.centrumkas.pl\/ru\/wp-json\/wp\/v2\/product\/1467","targetHints":{"allow":["GET"]}}],"collection":[{"href":"https:\/\/www.centrumkas.pl\/ru\/wp-json\/wp\/v2\/product"}],"about":[{"href":"https:\/\/www.centrumkas.pl\/ru\/wp-json\/wp\/v2\/types\/product"}],"replies":[{"embeddable":true,"href":"https:\/\/www.centrumkas.pl\/ru\/wp-json\/wp\/v2\/comments?post=1467"}],"wp:featuredmedia":[{"embeddable":true,"href":"https:\/\/www.centrumkas.pl\/ru\/wp-json\/wp\/v2\/media\/1426"}],"wp:attachment":[{"href":"https:\/\/www.centrumkas.pl\/ru\/wp-json\/wp\/v2\/media?parent=1467"}],"wp:term":[{"taxonomy":"product_brand","embeddable":true,"href":"https:\/\/www.centrumkas.pl\/ru\/wp-json\/wp\/v2\/product_brand?post=1467"},{"taxonomy":"product_cat","embeddable":true,"href":"https:\/\/www.centrumkas.pl\/ru\/wp-json\/wp\/v2\/product_cat?post=1467"},{"taxonomy":"product_tag","embeddable":true,"href":"https:\/\/www.centrumkas.pl\/ru\/wp-json\/wp\/v2\/product_tag?post=1467"}],"curies":[{"name":"wp","href":"https:\/\/api.w.org\/{rel}","templated":true}]}}