{"id":1472,"date":"2023-10-20T22:58:31","date_gmt":"2023-10-20T20:58:31","guid":{"rendered":"http:\/\/new.centrumkas.pl\/?post_type=product&#038;p=1472"},"modified":"2024-08-26T22:26:05","modified_gmt":"2024-08-26T20:26:05","slug":"dibal-s-545-db","status":"publish","type":"product","link":"https:\/\/www.centrumkas.pl\/ru\/product\/dibal-s-545-db\/","title":{"rendered":"Dibal S-545 DB"},"content":{"rendered":"","protected":false},"excerpt":{"rendered":"<p>Waga DIBAL S-545DB to pierwszy przedstawiciel najnowszej linii produkt\u00f3w Dibala w ofercie NOVITUS &#8211; wag serii 500 &#8211; STAR. Waga jest wyposa\u017cona w zintegrowany na p\u0142ycie g\u0142\u00f3wnej interfejs Ethernet oraz bardzo wydajny mechanizm drukuj\u0105cy. To w po\u0142\u0105czeniu z nowoczesnym wzornictwem, funkcjonalno\u015bci\u0105 oraz prostot\u0105 programowania i obs\u0142ugi sprawia, \u017ce jest to idealne urz\u0105dzenie dla plac\u00f3wek handlowych \u015bredniej i du\u017cej wielko\u015bci. Dodatkowym atutem wagi s\u0105 7&#8243; wy\u015bwietlacze TFT.<\/p>","protected":false},"featured_media":1433,"comment_status":"open","ping_status":"closed","template":"","meta":[],"product_brand":[],"product_cat":[212,382,251],"product_tag":[448],"class_list":{"0":"post-1472","1":"product","2":"type-product","3":"status-publish","4":"has-post-thumbnail","6":"product_cat-akcesoria","7":"product_cat-dibal","8":"product_cat-wagi","9":"product_tag-waga","11":"first","12":"instock","13":"taxable","14":"shipping-taxable","15":"purchasable","16":"product-type-simple"},"_links":{"self":[{"href":"https:\/\/www.centrumkas.pl\/ru\/wp-json\/wp\/v2\/product\/1472","targetHints":{"allow":["GET"]}}],"collection":[{"href":"https:\/\/www.centrumkas.pl\/ru\/wp-json\/wp\/v2\/product"}],"about":[{"href":"https:\/\/www.centrumkas.pl\/ru\/wp-json\/wp\/v2\/types\/product"}],"replies":[{"embeddable":true,"href":"https:\/\/www.centrumkas.pl\/ru\/wp-json\/wp\/v2\/comments?post=1472"}],"wp:featuredmedia":[{"embeddable":true,"href":"https:\/\/www.centrumkas.pl\/ru\/wp-json\/wp\/v2\/media\/1433"}],"wp:attachment":[{"href":"https:\/\/www.centrumkas.pl\/ru\/wp-json\/wp\/v2\/media?parent=1472"}],"wp:term":[{"taxonomy":"product_brand","embeddable":true,"href":"https:\/\/www.centrumkas.pl\/ru\/wp-json\/wp\/v2\/product_brand?post=1472"},{"taxonomy":"product_cat","embeddable":true,"href":"https:\/\/www.centrumkas.pl\/ru\/wp-json\/wp\/v2\/product_cat?post=1472"},{"taxonomy":"product_tag","embeddable":true,"href":"https:\/\/www.centrumkas.pl\/ru\/wp-json\/wp\/v2\/product_tag?post=1472"}],"curies":[{"name":"wp","href":"https:\/\/api.w.org\/{rel}","templated":true}]}}