{"id":1474,"date":"2023-10-20T23:06:16","date_gmt":"2023-10-20T21:06:16","guid":{"rendered":"http:\/\/new.centrumkas.pl\/?post_type=product&#038;p=1474"},"modified":"2024-05-01T22:38:00","modified_gmt":"2024-05-01T20:38:00","slug":"dibal-w-025-t","status":"publish","type":"product","link":"https:\/\/www.centrumkas.pl\/ru\/product\/dibal-w-025-t\/","title":{"rendered":"Dibal W-025 T"},"content":{"rendered":"","protected":false},"excerpt":{"rendered":"<p>Waga DIBAL W-025T to kolejny przedstawiciel najnowszej linii produkt\u00f3w Dibala serii 500. Nowoczesne wzornictwo, atrakcyjny wygl\u0105d, zadziwiaj\u0105ca funkcjonalno\u015b\u0107 oraz prostota programowania i obs\u0142ugi to g\u0142\u00f3wne atuty tego urz\u0105dzenia. Waga jest dedykowana do \u015brednich i du\u017cych plac\u00f3wek handlowych, w kt\u00f3rych wagi pracuj\u0105 w rozbudowanych sieciach. Wersja z wy\u015bwietlaczem na wysi\u0119gniku.<\/p>","protected":false},"featured_media":1435,"comment_status":"open","ping_status":"closed","template":"","meta":[],"product_brand":[],"product_cat":[212,382,251],"product_tag":[448],"class_list":{"0":"post-1474","1":"product","2":"type-product","3":"status-publish","4":"has-post-thumbnail","6":"product_cat-akcesoria","7":"product_cat-dibal","8":"product_cat-wagi","9":"product_tag-waga","11":"first","12":"instock","13":"taxable","14":"shipping-taxable","15":"purchasable","16":"product-type-simple"},"_links":{"self":[{"href":"https:\/\/www.centrumkas.pl\/ru\/wp-json\/wp\/v2\/product\/1474","targetHints":{"allow":["GET"]}}],"collection":[{"href":"https:\/\/www.centrumkas.pl\/ru\/wp-json\/wp\/v2\/product"}],"about":[{"href":"https:\/\/www.centrumkas.pl\/ru\/wp-json\/wp\/v2\/types\/product"}],"replies":[{"embeddable":true,"href":"https:\/\/www.centrumkas.pl\/ru\/wp-json\/wp\/v2\/comments?post=1474"}],"wp:featuredmedia":[{"embeddable":true,"href":"https:\/\/www.centrumkas.pl\/ru\/wp-json\/wp\/v2\/media\/1435"}],"wp:attachment":[{"href":"https:\/\/www.centrumkas.pl\/ru\/wp-json\/wp\/v2\/media?parent=1474"}],"wp:term":[{"taxonomy":"product_brand","embeddable":true,"href":"https:\/\/www.centrumkas.pl\/ru\/wp-json\/wp\/v2\/product_brand?post=1474"},{"taxonomy":"product_cat","embeddable":true,"href":"https:\/\/www.centrumkas.pl\/ru\/wp-json\/wp\/v2\/product_cat?post=1474"},{"taxonomy":"product_tag","embeddable":true,"href":"https:\/\/www.centrumkas.pl\/ru\/wp-json\/wp\/v2\/product_tag?post=1474"}],"curies":[{"name":"wp","href":"https:\/\/api.w.org\/{rel}","templated":true}]}}